{"id":2771,"date":"2025-04-03T11:53:18","date_gmt":"2025-04-03T09:53:18","guid":{"rendered":"https:\/\/iuriswinery.com\/webtrgovina\/?post_type=product&#038;p=2771"},"modified":"2025-05-22T10:09:24","modified_gmt":"2025-05-22T08:09:24","slug":"chardonnay-reserva-075l","status":"publish","type":"product","link":"https:\/\/iuriswinery.com\/webtrgovina\/proizvod\/chardonnay-reserva-075l\/","title":{"rendered":"CHARDONNAY RESERVA IURIS 0,75L"},"content":{"rendered":"<p>Ovo izvanredno slo\u017eeno vino predstavlja jedinstvenu interpretaciju chardonnaya, pomi\u010du\u0107i granice bijelog vinarstva u regiji Podunavlja. Odle\u017ealo je 24 mjeseca u novim ba\u010dvama slavonskog hrasta, pru\u017eaju\u0107i slojevitost, teksturu i izvanredan potencijal za daljnje dozrijevanje u boci.<\/p>\n<p>Vino prolazi 10 dana maceracije na ko\u017eicama, \u0161to mu daje bogatu zlatnu nijansu s jasnim naran\u010dastim odsjajem. Ovaj produljeni kontakt s ko\u017eicama pove\u0107ava njegovu slo\u017eenost, dodaju\u0107i teksturalnu dubinu. Nakon fermentacije, prebacuje se u nove 500 L ba\u010dve slavonskog hrasta (srednje paljenje), gdje se spontano odvija malolakti\u010dka fermentacija. Nakon dvije godine odle\u017eavanja u drvu, vino se prebacuje u inox spremnike na 90 dana prije punjenja u boce, osiguravaju\u0107i savr\u0161enu integraciju svih elemenata.<\/p>\n<p>Nos je dubok i slojevit, otkriva arome pe\u010denih marelica, su\u0161ene kore citrusa, bijelog cvije\u0107a i za\u010dinskog meda, profinjeno protkane notama tostiranih badema, vanilije i suptilnog dima iz hrasta. Okus je bogat, teksturiran i strukturiran, s bar\u0161unastim osje\u0107ajem u ustima, uravnote\u017een \u017eivahnom kiselo\u0161\u0107u i mineralnim karakterom. Dugi zavr\u0161etak otkriva razvijene tercijarne note koje \u0107e se s godinama dodatno obogatiti.<\/p>\n<p>Preporu\u010damo dekantirati.<\/p>\n<p>Poslu\u017eiti na temperaturi izme\u0111u 11 i 13 \u00b0C.<\/p>\n","protected":false},"excerpt":{"rendered":"<ul>\n<li>KLASIFIKACIJA: Kvalitetno suho bijelo vino<\/li>\n<li>VINOGORJE: Isto\u010dna Kontinentalna Hrvatska, \u0110akova\u010dko vinogorje<\/li>\n<li>SORTA: Chardonnay 100 %<\/li>\n<li>ODLE\u017dAVANJE: 24 mjeseca u novim ba\u010dvama od slavonskog hrasta (500 L, srednje paljenje)<\/li>\n<li>ZAPREMNINA I ALKOHOL: 0,75 l \u2013 13,50 % alk<\/li>\n<li><strong>LIMITIRANA SERIJA: 2.400 boca<\/strong><\/li>\n<li>PROIZVO\u0110A\u010c: Vinarija Iuris d.o.o.<\/li>\n<li><em>1,00L &#8211; 59,97 \u20ac<\/em><\/li>\n<\/ul>\n","protected":false},"featured_media":2772,"template":"","meta":[],"product_cat":[36],"product_tag":[68],"yoast_head":"<!-- This site is optimized with the Yoast SEO plugin v21.7 - https:\/\/yoast.com\/wordpress\/plugins\/seo\/ -->\n<title>CHARDONNAY RESERVA IURIS 0,75L - Vinarija Iuris<\/title>\n<meta name=\"robots\" content=\"index, follow, max-snippet:-1, max-image-preview:large, max-video-preview:-1\" \/>\n<link rel=\"canonical\" href=\"https:\/\/iuriswinery.com\/webtrgovina\/proizvod\/chardonnay-reserva-075l\/\" \/>\n<meta property=\"og:locale\" content=\"hr_HR\" \/>\n<meta property=\"og:type\" content=\"article\" \/>\n<meta property=\"og:title\" content=\"CHARDONNAY RESERVA IURIS 0,75L - Vinarija Iuris\" \/>\n<meta property=\"og:description\" content=\"KLASIFIKACIJA: Kvalitetno suho bijelo vino  VINOGORJE: Isto\u010dna Kontinentalna Hrvatska, \u0110akova\u010dko vinogorje  SORTA: Chardonnay 100 %  ODLE\u017dAVANJE: 24 mjeseca u novim ba\u010dvama od slavonskog hrasta (500 L, srednje paljenje)  ZAPREMNINA I ALKOHOL: 0,75 l \u2013 13,50 % alk  LIMITIRANA SERIJA: 2.400 boca  PROIZVO\u0110A\u010c: Vinarija Iuris d.o.o.  1,00L - 59,97 \u20ac\" \/>\n<meta property=\"og:url\" content=\"https:\/\/iuriswinery.com\/webtrgovina\/proizvod\/chardonnay-reserva-075l\/\" \/>\n<meta property=\"og:site_name\" content=\"Vinarija Iuris\" \/>\n<meta property=\"article:modified_time\" content=\"2025-05-22T08:09:24+00:00\" \/>\n<meta property=\"og:image\" content=\"https:\/\/iuriswinery.com\/webtrgovina\/wp-content\/uploads\/2025\/04\/1.-Reserva_Chardonnay_Gastro-25.03.2025.png\" \/>\n\t<meta property=\"og:image:width\" content=\"400\" \/>\n\t<meta property=\"og:image:height\" content=\"600\" \/>\n\t<meta property=\"og:image:type\" content=\"image\/png\" \/>\n<meta name=\"twitter:card\" content=\"summary_large_image\" \/>\n<meta name=\"twitter:label1\" content=\"Procijenjeno vrijeme \u010ditanja\" \/>\n\t<meta name=\"twitter:data1\" content=\"2 minute\" \/>\n<script type=\"application\/ld+json\" class=\"yoast-schema-graph\">{\"@context\":\"https:\/\/schema.org\",\"@graph\":[{\"@type\":\"WebPage\",\"@id\":\"https:\/\/iuriswinery.com\/webtrgovina\/proizvod\/chardonnay-reserva-075l\/\",\"url\":\"https:\/\/iuriswinery.com\/webtrgovina\/proizvod\/chardonnay-reserva-075l\/\",\"name\":\"CHARDONNAY RESERVA IURIS 0,75L - Vinarija Iuris\",\"isPartOf\":{\"@id\":\"https:\/\/iuriswinery.com\/webtrgovina\/#website\"},\"datePublished\":\"2025-04-03T09:53:18+00:00\",\"dateModified\":\"2025-05-22T08:09:24+00:00\",\"breadcrumb\":{\"@id\":\"https:\/\/iuriswinery.com\/webtrgovina\/proizvod\/chardonnay-reserva-075l\/#breadcrumb\"},\"inLanguage\":\"hr\",\"potentialAction\":[{\"@type\":\"ReadAction\",\"target\":[\"https:\/\/iuriswinery.com\/webtrgovina\/proizvod\/chardonnay-reserva-075l\/\"]}]},{\"@type\":\"BreadcrumbList\",\"@id\":\"https:\/\/iuriswinery.com\/webtrgovina\/proizvod\/chardonnay-reserva-075l\/#breadcrumb\",\"itemListElement\":[{\"@type\":\"ListItem\",\"position\":1,\"name\":\"Po\u010detna stranica\",\"item\":\"https:\/\/iuriswinery.com\/webtrgovina\/\"},{\"@type\":\"ListItem\",\"position\":2,\"name\":\"Trgovina\",\"item\":\"https:\/\/iuriswinery.com\/webtrgovina\/trgovina\/\"},{\"@type\":\"ListItem\",\"position\":3,\"name\":\"CHARDONNAY RESERVA IURIS 0,75L\"}]},{\"@type\":\"WebSite\",\"@id\":\"https:\/\/iuriswinery.com\/webtrgovina\/#website\",\"url\":\"https:\/\/iuriswinery.com\/webtrgovina\/\",\"name\":\"Vinarija Iuris\",\"description\":\"Prodaja i distribucija vina\",\"publisher\":{\"@id\":\"https:\/\/iuriswinery.com\/webtrgovina\/#organization\"},\"potentialAction\":[{\"@type\":\"SearchAction\",\"target\":{\"@type\":\"EntryPoint\",\"urlTemplate\":\"https:\/\/iuriswinery.com\/webtrgovina\/?s={search_term_string}\"},\"query-input\":\"required name=search_term_string\"}],\"inLanguage\":\"hr\"},{\"@type\":\"Organization\",\"@id\":\"https:\/\/iuriswinery.com\/webtrgovina\/#organization\",\"name\":\"GASTRO PANTHEON D.O.O.\",\"url\":\"https:\/\/iuriswinery.com\/webtrgovina\/\",\"logo\":{\"@type\":\"ImageObject\",\"inLanguage\":\"hr\",\"@id\":\"https:\/\/iuriswinery.com\/webtrgovina\/#\/schema\/logo\/image\/\",\"url\":\"https:\/\/iuriswinery.com\/webtrgovina\/wp-content\/uploads\/2019\/10\/gastro-pantheon-logo.png\",\"contentUrl\":\"https:\/\/iuriswinery.com\/webtrgovina\/wp-content\/uploads\/2019\/10\/gastro-pantheon-logo.png\",\"width\":174,\"height\":78,\"caption\":\"GASTRO PANTHEON D.O.O.\"},\"image\":{\"@id\":\"https:\/\/iuriswinery.com\/webtrgovina\/#\/schema\/logo\/image\/\"}}]}<\/script>\n<!-- \/ Yoast SEO plugin. -->","yoast_head_json":{"title":"CHARDONNAY RESERVA IURIS 0,75L - Vinarija Iuris","robots":{"index":"index","follow":"follow","max-snippet":"max-snippet:-1","max-image-preview":"max-image-preview:large","max-video-preview":"max-video-preview:-1"},"canonical":"https:\/\/iuriswinery.com\/webtrgovina\/proizvod\/chardonnay-reserva-075l\/","og_locale":"hr_HR","og_type":"article","og_title":"CHARDONNAY RESERVA IURIS 0,75L - Vinarija Iuris","og_description":"KLASIFIKACIJA: Kvalitetno suho bijelo vino  VINOGORJE: Isto\u010dna Kontinentalna Hrvatska, \u0110akova\u010dko vinogorje  SORTA: Chardonnay 100 %  ODLE\u017dAVANJE: 24 mjeseca u novim ba\u010dvama od slavonskog hrasta (500 L, srednje paljenje)  ZAPREMNINA I ALKOHOL: 0,75 l \u2013 13,50 % alk  LIMITIRANA SERIJA: 2.400 boca  PROIZVO\u0110A\u010c: Vinarija Iuris d.o.o.  1,00L - 59,97 \u20ac","og_url":"https:\/\/iuriswinery.com\/webtrgovina\/proizvod\/chardonnay-reserva-075l\/","og_site_name":"Vinarija Iuris","article_modified_time":"2025-05-22T08:09:24+00:00","og_image":[{"width":400,"height":600,"url":"https:\/\/iuriswinery.com\/webtrgovina\/wp-content\/uploads\/2025\/04\/1.-Reserva_Chardonnay_Gastro-25.03.2025.png","type":"image\/png"}],"twitter_card":"summary_large_image","twitter_misc":{"Procijenjeno vrijeme \u010ditanja":"2 minute"},"schema":{"@context":"https:\/\/schema.org","@graph":[{"@type":"WebPage","@id":"https:\/\/iuriswinery.com\/webtrgovina\/proizvod\/chardonnay-reserva-075l\/","url":"https:\/\/iuriswinery.com\/webtrgovina\/proizvod\/chardonnay-reserva-075l\/","name":"CHARDONNAY RESERVA IURIS 0,75L - Vinarija Iuris","isPartOf":{"@id":"https:\/\/iuriswinery.com\/webtrgovina\/#website"},"datePublished":"2025-04-03T09:53:18+00:00","dateModified":"2025-05-22T08:09:24+00:00","breadcrumb":{"@id":"https:\/\/iuriswinery.com\/webtrgovina\/proizvod\/chardonnay-reserva-075l\/#breadcrumb"},"inLanguage":"hr","potentialAction":[{"@type":"ReadAction","target":["https:\/\/iuriswinery.com\/webtrgovina\/proizvod\/chardonnay-reserva-075l\/"]}]},{"@type":"BreadcrumbList","@id":"https:\/\/iuriswinery.com\/webtrgovina\/proizvod\/chardonnay-reserva-075l\/#breadcrumb","itemListElement":[{"@type":"ListItem","position":1,"name":"Po\u010detna stranica","item":"https:\/\/iuriswinery.com\/webtrgovina\/"},{"@type":"ListItem","position":2,"name":"Trgovina","item":"https:\/\/iuriswinery.com\/webtrgovina\/trgovina\/"},{"@type":"ListItem","position":3,"name":"CHARDONNAY RESERVA IURIS 0,75L"}]},{"@type":"WebSite","@id":"https:\/\/iuriswinery.com\/webtrgovina\/#website","url":"https:\/\/iuriswinery.com\/webtrgovina\/","name":"Vinarija Iuris","description":"Prodaja i distribucija vina","publisher":{"@id":"https:\/\/iuriswinery.com\/webtrgovina\/#organization"},"potentialAction":[{"@type":"SearchAction","target":{"@type":"EntryPoint","urlTemplate":"https:\/\/iuriswinery.com\/webtrgovina\/?s={search_term_string}"},"query-input":"required name=search_term_string"}],"inLanguage":"hr"},{"@type":"Organization","@id":"https:\/\/iuriswinery.com\/webtrgovina\/#organization","name":"GASTRO PANTHEON D.O.O.","url":"https:\/\/iuriswinery.com\/webtrgovina\/","logo":{"@type":"ImageObject","inLanguage":"hr","@id":"https:\/\/iuriswinery.com\/webtrgovina\/#\/schema\/logo\/image\/","url":"https:\/\/iuriswinery.com\/webtrgovina\/wp-content\/uploads\/2019\/10\/gastro-pantheon-logo.png","contentUrl":"https:\/\/iuriswinery.com\/webtrgovina\/wp-content\/uploads\/2019\/10\/gastro-pantheon-logo.png","width":174,"height":78,"caption":"GASTRO PANTHEON D.O.O."},"image":{"@id":"https:\/\/iuriswinery.com\/webtrgovina\/#\/schema\/logo\/image\/"}}]}},"_links":{"self":[{"href":"https:\/\/iuriswinery.com\/webtrgovina\/wp-json\/wp\/v2\/product\/2771"}],"collection":[{"href":"https:\/\/iuriswinery.com\/webtrgovina\/wp-json\/wp\/v2\/product"}],"about":[{"href":"https:\/\/iuriswinery.com\/webtrgovina\/wp-json\/wp\/v2\/types\/product"}],"wp:featuredmedia":[{"embeddable":true,"href":"https:\/\/iuriswinery.com\/webtrgovina\/wp-json\/wp\/v2\/media\/2772"}],"wp:attachment":[{"href":"https:\/\/iuriswinery.com\/webtrgovina\/wp-json\/wp\/v2\/media?parent=2771"}],"wp:term":[{"taxonomy":"product_cat","embeddable":true,"href":"https:\/\/iuriswinery.com\/webtrgovina\/wp-json\/wp\/v2\/product_cat?post=2771"},{"taxonomy":"product_tag","embeddable":true,"href":"https:\/\/iuriswinery.com\/webtrgovina\/wp-json\/wp\/v2\/product_tag?post=2771"}],"curies":[{"name":"wp","href":"https:\/\/api.w.org\/{rel}","templated":true}]}}