{"id":2769,"date":"2025-04-03T11:48:39","date_gmt":"2025-04-03T09:48:39","guid":{"rendered":"https:\/\/iuriswinery.com\/webtrgovina\/?post_type=product&#038;p=2769"},"modified":"2025-05-22T10:09:25","modified_gmt":"2025-05-22T08:09:25","slug":"grasevina-reserva-075l","status":"publish","type":"product","link":"https:\/\/iuriswinery.com\/webtrgovina\/proizvod\/grasevina-reserva-075l\/","title":{"rendered":"GRA\u0160EVINA RESERVA IURIS 0,75L"},"content":{"rendered":"<p>Elegantna interpretacija gra\u0161evine iz vinogorja Hrvatskog Podunavlja, koja savr\u0161eno balansira sortnu \u010disto\u0107u, utjecaj hrasta i slo\u017eenost dozrijevanja.<\/p>\n<p>Vino je proizvedeno od 100 % gra\u0161evine, fermentirano i potom preto\u010deno s grubog taloga u nove ba\u010dve od 500 L slavonskog hrasta (srednje paljenje). U drvetu se odvija malolakti\u010dna fermentacija, nakon \u010dega slijedi 12 mjeseci odle\u017eavanja u ba\u010dvama. Prije punjenja, vino se kupa\u017eira s neodle\u017eanim dijelom iste Gra\u0161evine u inoxu tijekom 30 dana, \u0161to osigurava sklad i eleganciju.<\/p>\n<p>Rezultat je svijetlozlatno vino s bogatim aromama zrelog ko\u0161tuni\u010davog vo\u0107a, citrusa i nje\u017enih cvjetnih nota, koje se isprepli\u0107u s nijansama vanilije i tostiranih badema iz hrasta. Na nepcu svje\u017ee, ali zaokru\u017eeno, uz \u017eivahnu kiselinu koja vodi prema dugom, mineralnom zavr\u0161etku.<\/p>\n<p>Poslu\u017eiti na temperaturi izme\u0111u\u00a0 12 i 14 \u00b0C.<\/p>\n","protected":false},"excerpt":{"rendered":"<ul>\n<li>KLASIFIKACIJA: Kvalitetno suho bijelo vino<\/li>\n<li>VINOGORJE: Hrvatsko Podunavlje<\/li>\n<li>SORTA: Gra\u0161evina 100 %<\/li>\n<li>ODLE\u017dAVANJE: 12 mjeseci u novim ba\u010dvama od 500 L slavonskog hrasta (srednje paljenje)<\/li>\n<li>ZAPREMNINA I ALKOHOL: 0,75 l \u2013 12,00 % alk<\/li>\n<li><strong>LIMITIRANA SERIJA: 1.500 boca<\/strong><\/li>\n<li>PROIZVO\u0110A\u010c: Vinarija Iuris d.o.o.<\/li>\n<li><em>1,00L &#8211; 30,64 \u20ac<\/em><\/li>\n<\/ul>\n","protected":false},"featured_media":2770,"template":"","meta":[],"product_cat":[36],"product_tag":[68],"yoast_head":"<!-- This site is optimized with the Yoast SEO plugin v21.7 - https:\/\/yoast.com\/wordpress\/plugins\/seo\/ -->\n<title>GRA\u0160EVINA RESERVA IURIS 0,75L - Vinarija Iuris<\/title>\n<meta name=\"robots\" content=\"index, follow, max-snippet:-1, max-image-preview:large, max-video-preview:-1\" \/>\n<link rel=\"canonical\" href=\"https:\/\/iuriswinery.com\/webtrgovina\/proizvod\/grasevina-reserva-075l\/\" \/>\n<meta property=\"og:locale\" content=\"hr_HR\" \/>\n<meta property=\"og:type\" content=\"article\" \/>\n<meta property=\"og:title\" content=\"GRA\u0160EVINA RESERVA IURIS 0,75L - Vinarija Iuris\" \/>\n<meta property=\"og:description\" content=\"KLASIFIKACIJA: Kvalitetno suho bijelo vino  VINOGORJE: Hrvatsko Podunavlje  SORTA: Gra\u0161evina 100 %  ODLE\u017dAVANJE: 12 mjeseci u novim ba\u010dvama od 500 L slavonskog hrasta (srednje paljenje)  ZAPREMNINA I ALKOHOL: 0,75 l \u2013 12,00 % alk  LIMITIRANA SERIJA: 1.500 boca  PROIZVO\u0110A\u010c: Vinarija Iuris d.o.o.  1,00L - 30,64 \u20ac\" \/>\n<meta property=\"og:url\" content=\"https:\/\/iuriswinery.com\/webtrgovina\/proizvod\/grasevina-reserva-075l\/\" \/>\n<meta property=\"og:site_name\" content=\"Vinarija Iuris\" \/>\n<meta property=\"article:modified_time\" content=\"2025-05-22T08:09:25+00:00\" \/>\n<meta property=\"og:image\" content=\"https:\/\/iuriswinery.com\/webtrgovina\/wp-content\/uploads\/2025\/04\/1.-Reserva-Grasevina.png\" \/>\n\t<meta property=\"og:image:width\" content=\"400\" \/>\n\t<meta property=\"og:image:height\" content=\"600\" \/>\n\t<meta property=\"og:image:type\" content=\"image\/png\" \/>\n<meta name=\"twitter:card\" content=\"summary_large_image\" \/>\n<meta name=\"twitter:label1\" content=\"Procijenjeno vrijeme \u010ditanja\" \/>\n\t<meta name=\"twitter:data1\" content=\"1 minuta\" \/>\n<script type=\"application\/ld+json\" class=\"yoast-schema-graph\">{\"@context\":\"https:\/\/schema.org\",\"@graph\":[{\"@type\":\"WebPage\",\"@id\":\"https:\/\/iuriswinery.com\/webtrgovina\/proizvod\/grasevina-reserva-075l\/\",\"url\":\"https:\/\/iuriswinery.com\/webtrgovina\/proizvod\/grasevina-reserva-075l\/\",\"name\":\"GRA\u0160EVINA RESERVA IURIS 0,75L - Vinarija Iuris\",\"isPartOf\":{\"@id\":\"https:\/\/iuriswinery.com\/webtrgovina\/#website\"},\"datePublished\":\"2025-04-03T09:48:39+00:00\",\"dateModified\":\"2025-05-22T08:09:25+00:00\",\"breadcrumb\":{\"@id\":\"https:\/\/iuriswinery.com\/webtrgovina\/proizvod\/grasevina-reserva-075l\/#breadcrumb\"},\"inLanguage\":\"hr\",\"potentialAction\":[{\"@type\":\"ReadAction\",\"target\":[\"https:\/\/iuriswinery.com\/webtrgovina\/proizvod\/grasevina-reserva-075l\/\"]}]},{\"@type\":\"BreadcrumbList\",\"@id\":\"https:\/\/iuriswinery.com\/webtrgovina\/proizvod\/grasevina-reserva-075l\/#breadcrumb\",\"itemListElement\":[{\"@type\":\"ListItem\",\"position\":1,\"name\":\"Po\u010detna stranica\",\"item\":\"https:\/\/iuriswinery.com\/webtrgovina\/\"},{\"@type\":\"ListItem\",\"position\":2,\"name\":\"Trgovina\",\"item\":\"https:\/\/iuriswinery.com\/webtrgovina\/trgovina\/\"},{\"@type\":\"ListItem\",\"position\":3,\"name\":\"GRA\u0160EVINA RESERVA IURIS 0,75L\"}]},{\"@type\":\"WebSite\",\"@id\":\"https:\/\/iuriswinery.com\/webtrgovina\/#website\",\"url\":\"https:\/\/iuriswinery.com\/webtrgovina\/\",\"name\":\"Vinarija Iuris\",\"description\":\"Prodaja i distribucija vina\",\"publisher\":{\"@id\":\"https:\/\/iuriswinery.com\/webtrgovina\/#organization\"},\"potentialAction\":[{\"@type\":\"SearchAction\",\"target\":{\"@type\":\"EntryPoint\",\"urlTemplate\":\"https:\/\/iuriswinery.com\/webtrgovina\/?s={search_term_string}\"},\"query-input\":\"required name=search_term_string\"}],\"inLanguage\":\"hr\"},{\"@type\":\"Organization\",\"@id\":\"https:\/\/iuriswinery.com\/webtrgovina\/#organization\",\"name\":\"GASTRO PANTHEON D.O.O.\",\"url\":\"https:\/\/iuriswinery.com\/webtrgovina\/\",\"logo\":{\"@type\":\"ImageObject\",\"inLanguage\":\"hr\",\"@id\":\"https:\/\/iuriswinery.com\/webtrgovina\/#\/schema\/logo\/image\/\",\"url\":\"https:\/\/iuriswinery.com\/webtrgovina\/wp-content\/uploads\/2019\/10\/gastro-pantheon-logo.png\",\"contentUrl\":\"https:\/\/iuriswinery.com\/webtrgovina\/wp-content\/uploads\/2019\/10\/gastro-pantheon-logo.png\",\"width\":174,\"height\":78,\"caption\":\"GASTRO PANTHEON D.O.O.\"},\"image\":{\"@id\":\"https:\/\/iuriswinery.com\/webtrgovina\/#\/schema\/logo\/image\/\"}}]}<\/script>\n<!-- \/ Yoast SEO plugin. -->","yoast_head_json":{"title":"GRA\u0160EVINA RESERVA IURIS 0,75L - Vinarija Iuris","robots":{"index":"index","follow":"follow","max-snippet":"max-snippet:-1","max-image-preview":"max-image-preview:large","max-video-preview":"max-video-preview:-1"},"canonical":"https:\/\/iuriswinery.com\/webtrgovina\/proizvod\/grasevina-reserva-075l\/","og_locale":"hr_HR","og_type":"article","og_title":"GRA\u0160EVINA RESERVA IURIS 0,75L - Vinarija Iuris","og_description":"KLASIFIKACIJA: Kvalitetno suho bijelo vino  VINOGORJE: Hrvatsko Podunavlje  SORTA: Gra\u0161evina 100 %  ODLE\u017dAVANJE: 12 mjeseci u novim ba\u010dvama od 500 L slavonskog hrasta (srednje paljenje)  ZAPREMNINA I ALKOHOL: 0,75 l \u2013 12,00 % alk  LIMITIRANA SERIJA: 1.500 boca  PROIZVO\u0110A\u010c: Vinarija Iuris d.o.o.  1,00L - 30,64 \u20ac","og_url":"https:\/\/iuriswinery.com\/webtrgovina\/proizvod\/grasevina-reserva-075l\/","og_site_name":"Vinarija Iuris","article_modified_time":"2025-05-22T08:09:25+00:00","og_image":[{"width":400,"height":600,"url":"https:\/\/iuriswinery.com\/webtrgovina\/wp-content\/uploads\/2025\/04\/1.-Reserva-Grasevina.png","type":"image\/png"}],"twitter_card":"summary_large_image","twitter_misc":{"Procijenjeno vrijeme \u010ditanja":"1 minuta"},"schema":{"@context":"https:\/\/schema.org","@graph":[{"@type":"WebPage","@id":"https:\/\/iuriswinery.com\/webtrgovina\/proizvod\/grasevina-reserva-075l\/","url":"https:\/\/iuriswinery.com\/webtrgovina\/proizvod\/grasevina-reserva-075l\/","name":"GRA\u0160EVINA RESERVA IURIS 0,75L - Vinarija Iuris","isPartOf":{"@id":"https:\/\/iuriswinery.com\/webtrgovina\/#website"},"datePublished":"2025-04-03T09:48:39+00:00","dateModified":"2025-05-22T08:09:25+00:00","breadcrumb":{"@id":"https:\/\/iuriswinery.com\/webtrgovina\/proizvod\/grasevina-reserva-075l\/#breadcrumb"},"inLanguage":"hr","potentialAction":[{"@type":"ReadAction","target":["https:\/\/iuriswinery.com\/webtrgovina\/proizvod\/grasevina-reserva-075l\/"]}]},{"@type":"BreadcrumbList","@id":"https:\/\/iuriswinery.com\/webtrgovina\/proizvod\/grasevina-reserva-075l\/#breadcrumb","itemListElement":[{"@type":"ListItem","position":1,"name":"Po\u010detna stranica","item":"https:\/\/iuriswinery.com\/webtrgovina\/"},{"@type":"ListItem","position":2,"name":"Trgovina","item":"https:\/\/iuriswinery.com\/webtrgovina\/trgovina\/"},{"@type":"ListItem","position":3,"name":"GRA\u0160EVINA RESERVA IURIS 0,75L"}]},{"@type":"WebSite","@id":"https:\/\/iuriswinery.com\/webtrgovina\/#website","url":"https:\/\/iuriswinery.com\/webtrgovina\/","name":"Vinarija Iuris","description":"Prodaja i distribucija vina","publisher":{"@id":"https:\/\/iuriswinery.com\/webtrgovina\/#organization"},"potentialAction":[{"@type":"SearchAction","target":{"@type":"EntryPoint","urlTemplate":"https:\/\/iuriswinery.com\/webtrgovina\/?s={search_term_string}"},"query-input":"required name=search_term_string"}],"inLanguage":"hr"},{"@type":"Organization","@id":"https:\/\/iuriswinery.com\/webtrgovina\/#organization","name":"GASTRO PANTHEON D.O.O.","url":"https:\/\/iuriswinery.com\/webtrgovina\/","logo":{"@type":"ImageObject","inLanguage":"hr","@id":"https:\/\/iuriswinery.com\/webtrgovina\/#\/schema\/logo\/image\/","url":"https:\/\/iuriswinery.com\/webtrgovina\/wp-content\/uploads\/2019\/10\/gastro-pantheon-logo.png","contentUrl":"https:\/\/iuriswinery.com\/webtrgovina\/wp-content\/uploads\/2019\/10\/gastro-pantheon-logo.png","width":174,"height":78,"caption":"GASTRO PANTHEON D.O.O."},"image":{"@id":"https:\/\/iuriswinery.com\/webtrgovina\/#\/schema\/logo\/image\/"}}]}},"_links":{"self":[{"href":"https:\/\/iuriswinery.com\/webtrgovina\/wp-json\/wp\/v2\/product\/2769"}],"collection":[{"href":"https:\/\/iuriswinery.com\/webtrgovina\/wp-json\/wp\/v2\/product"}],"about":[{"href":"https:\/\/iuriswinery.com\/webtrgovina\/wp-json\/wp\/v2\/types\/product"}],"wp:featuredmedia":[{"embeddable":true,"href":"https:\/\/iuriswinery.com\/webtrgovina\/wp-json\/wp\/v2\/media\/2770"}],"wp:attachment":[{"href":"https:\/\/iuriswinery.com\/webtrgovina\/wp-json\/wp\/v2\/media?parent=2769"}],"wp:term":[{"taxonomy":"product_cat","embeddable":true,"href":"https:\/\/iuriswinery.com\/webtrgovina\/wp-json\/wp\/v2\/product_cat?post=2769"},{"taxonomy":"product_tag","embeddable":true,"href":"https:\/\/iuriswinery.com\/webtrgovina\/wp-json\/wp\/v2\/product_tag?post=2769"}],"curies":[{"name":"wp","href":"https:\/\/api.w.org\/{rel}","templated":true}]}}