{"id":2762,"date":"2025-04-02T11:29:39","date_gmt":"2025-04-02T09:29:39","guid":{"rendered":"https:\/\/iuriswinery.com\/webtrgovina\/?post_type=product&#038;p=2762"},"modified":"2026-03-23T10:51:31","modified_gmt":"2026-03-23T09:51:31","slug":"pjenusac-saltwater-rose-brut-075l","status":"publish","type":"product","link":"https:\/\/iuriswinery.com\/webtrgovina\/proizvod\/pjenusac-saltwater-rose-brut-075l\/","title":{"rendered":"PJENU\u0160AC SALTWATER ROSE BRUT IURIS 0,75L"},"content":{"rendered":"<p class=\"\" data-start=\"33\" data-end=\"203\"><strong data-start=\"33\" data-end=\"62\">Iuris Saltwater Ros\u00e9 Brut<\/strong> \u2013 sofisticirani pjenu\u0161ac iz Hrvatskog Podunavlja, gdje sorta <strong data-start=\"153\" data-end=\"167\">Pinot Noir<\/strong> pokazuje svoju profinjenu stranu.<\/p>\n<p class=\"\" data-start=\"205\" data-end=\"449\">Ovaj <strong data-start=\"210\" data-end=\"235\">100 % Pinot Noir Ros\u00e9<\/strong> o\u010darava svojom <strong data-start=\"251\" data-end=\"274\">izuzetnom svje\u017einom<\/strong>, donose\u0107i savr\u0161enu ravnote\u017eu izme\u0111u \u017eivahnih kiselina i nje\u017ene vo\u0107nosti. U \u010da\u0161i se otvaraju zavodljive <strong data-start=\"378\" data-end=\"401\">arome svje\u017ee jagode<\/strong>, koje daju vinu zaigran i privla\u010dan karakter.<\/p>\n<p class=\"\" data-start=\"451\" data-end=\"630\">Njegova pjenu\u0161ava struktura, s finim i dugotrajnim perlanjem, \u010dini ga idealnim izborom za u\u017eivanje u posebnim trenucima \u2013 bilo kao aperitiv ili uz lagana jela i morske delicije.<\/p>\n<p class=\"\" data-start=\"632\" data-end=\"772\"><strong data-start=\"632\" data-end=\"661\">Iuris Saltwater Ros\u00e9 Brut<\/strong> je istinski odraz elegancije i svje\u017eine, vino koje \u0107e osvojiti svakog ljubitelja profinjenih ros\u00e9 pjenu\u0161aca.<\/p>\n<p data-start=\"632\" data-end=\"772\">Poslu\u017eiti na temperaturi izme\u0111u 6 i 8 \u00b0C.<\/p>\n","protected":false},"excerpt":{"rendered":"<ul>\n<li>KLASIFIKACIJA: Pjenu\u0161avo rose vino<\/li>\n<li>VINOGORJE: Hrvatsko Podunavlje<\/li>\n<li>SORTA: Pinot Noir 100 %<\/li>\n<li>ODLE\u017dAVANJE: Klasi\u010dna metoda fermentacije u boce, odle\u017ealo minimalno 1 godinu na kvascima<\/li>\n<li>ZAPREMNINA I ALKOHOL: 0,75 l &#8211; 12,50 % alk<\/li>\n<li>PROIZVO\u0110A\u010c: Vinarija Iuris d.o.o.<\/li>\n<li><em>1,00L &#8211; 21,33 \u20ac<\/em><\/li>\n<\/ul>\n","protected":false},"featured_media":2763,"template":"","meta":[],"product_cat":[67],"product_tag":[],"yoast_head":"<!-- This site is optimized with the Yoast SEO plugin v21.7 - https:\/\/yoast.com\/wordpress\/plugins\/seo\/ -->\n<title>PJENU\u0160AC SALTWATER ROSE BRUT IURIS 0,75L - Vinarija Iuris<\/title>\n<meta name=\"robots\" content=\"index, follow, max-snippet:-1, max-image-preview:large, max-video-preview:-1\" \/>\n<link rel=\"canonical\" href=\"https:\/\/iuriswinery.com\/webtrgovina\/proizvod\/pjenusac-saltwater-rose-brut-075l\/\" \/>\n<meta property=\"og:locale\" content=\"hr_HR\" \/>\n<meta property=\"og:type\" content=\"article\" \/>\n<meta property=\"og:title\" content=\"PJENU\u0160AC SALTWATER ROSE BRUT IURIS 0,75L - Vinarija Iuris\" \/>\n<meta property=\"og:description\" content=\"KLASIFIKACIJA: Pjenu\u0161avo rose vino  VINOGORJE: Hrvatsko Podunavlje  SORTA: Pinot Noir 100 %  ODLE\u017dAVANJE: Klasi\u010dna metoda fermentacije u boce, odle\u017ealo minimalno 1 godinu na kvascima  ZAPREMNINA I ALKOHOL: 0,75 l - 12,50 % alk  PROIZVO\u0110A\u010c: Vinarija Iuris d.o.o.  1,00L - 21,33 \u20ac\" \/>\n<meta property=\"og:url\" content=\"https:\/\/iuriswinery.com\/webtrgovina\/proizvod\/pjenusac-saltwater-rose-brut-075l\/\" \/>\n<meta property=\"og:site_name\" content=\"Vinarija Iuris\" \/>\n<meta property=\"article:modified_time\" content=\"2026-03-23T09:51:31+00:00\" \/>\n<meta property=\"og:image\" content=\"https:\/\/iuriswinery.com\/webtrgovina\/wp-content\/uploads\/2025\/04\/1.-Saltwater-Rose-Brut_Gastro-25.03.2025.png\" \/>\n\t<meta property=\"og:image:width\" content=\"400\" \/>\n\t<meta property=\"og:image:height\" content=\"600\" \/>\n\t<meta property=\"og:image:type\" content=\"image\/png\" \/>\n<meta name=\"twitter:card\" content=\"summary_large_image\" \/>\n<meta name=\"twitter:label1\" content=\"Procijenjeno vrijeme \u010ditanja\" \/>\n\t<meta name=\"twitter:data1\" content=\"1 minuta\" \/>\n<script type=\"application\/ld+json\" class=\"yoast-schema-graph\">{\"@context\":\"https:\/\/schema.org\",\"@graph\":[{\"@type\":\"WebPage\",\"@id\":\"https:\/\/iuriswinery.com\/webtrgovina\/proizvod\/pjenusac-saltwater-rose-brut-075l\/\",\"url\":\"https:\/\/iuriswinery.com\/webtrgovina\/proizvod\/pjenusac-saltwater-rose-brut-075l\/\",\"name\":\"PJENU\u0160AC SALTWATER ROSE BRUT IURIS 0,75L - Vinarija Iuris\",\"isPartOf\":{\"@id\":\"https:\/\/iuriswinery.com\/webtrgovina\/#website\"},\"datePublished\":\"2025-04-02T09:29:39+00:00\",\"dateModified\":\"2026-03-23T09:51:31+00:00\",\"breadcrumb\":{\"@id\":\"https:\/\/iuriswinery.com\/webtrgovina\/proizvod\/pjenusac-saltwater-rose-brut-075l\/#breadcrumb\"},\"inLanguage\":\"hr\",\"potentialAction\":[{\"@type\":\"ReadAction\",\"target\":[\"https:\/\/iuriswinery.com\/webtrgovina\/proizvod\/pjenusac-saltwater-rose-brut-075l\/\"]}]},{\"@type\":\"BreadcrumbList\",\"@id\":\"https:\/\/iuriswinery.com\/webtrgovina\/proizvod\/pjenusac-saltwater-rose-brut-075l\/#breadcrumb\",\"itemListElement\":[{\"@type\":\"ListItem\",\"position\":1,\"name\":\"Po\u010detna stranica\",\"item\":\"https:\/\/iuriswinery.com\/webtrgovina\/\"},{\"@type\":\"ListItem\",\"position\":2,\"name\":\"Trgovina\",\"item\":\"https:\/\/iuriswinery.com\/webtrgovina\/trgovina\/\"},{\"@type\":\"ListItem\",\"position\":3,\"name\":\"PJENU\u0160AC SALTWATER ROSE BRUT IURIS 0,75L\"}]},{\"@type\":\"WebSite\",\"@id\":\"https:\/\/iuriswinery.com\/webtrgovina\/#website\",\"url\":\"https:\/\/iuriswinery.com\/webtrgovina\/\",\"name\":\"Vinarija Iuris\",\"description\":\"Prodaja i distribucija vina\",\"publisher\":{\"@id\":\"https:\/\/iuriswinery.com\/webtrgovina\/#organization\"},\"potentialAction\":[{\"@type\":\"SearchAction\",\"target\":{\"@type\":\"EntryPoint\",\"urlTemplate\":\"https:\/\/iuriswinery.com\/webtrgovina\/?s={search_term_string}\"},\"query-input\":\"required name=search_term_string\"}],\"inLanguage\":\"hr\"},{\"@type\":\"Organization\",\"@id\":\"https:\/\/iuriswinery.com\/webtrgovina\/#organization\",\"name\":\"GASTRO PANTHEON D.O.O.\",\"url\":\"https:\/\/iuriswinery.com\/webtrgovina\/\",\"logo\":{\"@type\":\"ImageObject\",\"inLanguage\":\"hr\",\"@id\":\"https:\/\/iuriswinery.com\/webtrgovina\/#\/schema\/logo\/image\/\",\"url\":\"https:\/\/iuriswinery.com\/webtrgovina\/wp-content\/uploads\/2019\/10\/gastro-pantheon-logo.png\",\"contentUrl\":\"https:\/\/iuriswinery.com\/webtrgovina\/wp-content\/uploads\/2019\/10\/gastro-pantheon-logo.png\",\"width\":174,\"height\":78,\"caption\":\"GASTRO PANTHEON D.O.O.\"},\"image\":{\"@id\":\"https:\/\/iuriswinery.com\/webtrgovina\/#\/schema\/logo\/image\/\"}}]}<\/script>\n<!-- \/ Yoast SEO plugin. -->","yoast_head_json":{"title":"PJENU\u0160AC SALTWATER ROSE BRUT IURIS 0,75L - Vinarija Iuris","robots":{"index":"index","follow":"follow","max-snippet":"max-snippet:-1","max-image-preview":"max-image-preview:large","max-video-preview":"max-video-preview:-1"},"canonical":"https:\/\/iuriswinery.com\/webtrgovina\/proizvod\/pjenusac-saltwater-rose-brut-075l\/","og_locale":"hr_HR","og_type":"article","og_title":"PJENU\u0160AC SALTWATER ROSE BRUT IURIS 0,75L - Vinarija Iuris","og_description":"KLASIFIKACIJA: Pjenu\u0161avo rose vino  VINOGORJE: Hrvatsko Podunavlje  SORTA: Pinot Noir 100 %  ODLE\u017dAVANJE: Klasi\u010dna metoda fermentacije u boce, odle\u017ealo minimalno 1 godinu na kvascima  ZAPREMNINA I ALKOHOL: 0,75 l - 12,50 % alk  PROIZVO\u0110A\u010c: Vinarija Iuris d.o.o.  1,00L - 21,33 \u20ac","og_url":"https:\/\/iuriswinery.com\/webtrgovina\/proizvod\/pjenusac-saltwater-rose-brut-075l\/","og_site_name":"Vinarija Iuris","article_modified_time":"2026-03-23T09:51:31+00:00","og_image":[{"width":400,"height":600,"url":"https:\/\/iuriswinery.com\/webtrgovina\/wp-content\/uploads\/2025\/04\/1.-Saltwater-Rose-Brut_Gastro-25.03.2025.png","type":"image\/png"}],"twitter_card":"summary_large_image","twitter_misc":{"Procijenjeno vrijeme \u010ditanja":"1 minuta"},"schema":{"@context":"https:\/\/schema.org","@graph":[{"@type":"WebPage","@id":"https:\/\/iuriswinery.com\/webtrgovina\/proizvod\/pjenusac-saltwater-rose-brut-075l\/","url":"https:\/\/iuriswinery.com\/webtrgovina\/proizvod\/pjenusac-saltwater-rose-brut-075l\/","name":"PJENU\u0160AC SALTWATER ROSE BRUT IURIS 0,75L - Vinarija Iuris","isPartOf":{"@id":"https:\/\/iuriswinery.com\/webtrgovina\/#website"},"datePublished":"2025-04-02T09:29:39+00:00","dateModified":"2026-03-23T09:51:31+00:00","breadcrumb":{"@id":"https:\/\/iuriswinery.com\/webtrgovina\/proizvod\/pjenusac-saltwater-rose-brut-075l\/#breadcrumb"},"inLanguage":"hr","potentialAction":[{"@type":"ReadAction","target":["https:\/\/iuriswinery.com\/webtrgovina\/proizvod\/pjenusac-saltwater-rose-brut-075l\/"]}]},{"@type":"BreadcrumbList","@id":"https:\/\/iuriswinery.com\/webtrgovina\/proizvod\/pjenusac-saltwater-rose-brut-075l\/#breadcrumb","itemListElement":[{"@type":"ListItem","position":1,"name":"Po\u010detna stranica","item":"https:\/\/iuriswinery.com\/webtrgovina\/"},{"@type":"ListItem","position":2,"name":"Trgovina","item":"https:\/\/iuriswinery.com\/webtrgovina\/trgovina\/"},{"@type":"ListItem","position":3,"name":"PJENU\u0160AC SALTWATER ROSE BRUT IURIS 0,75L"}]},{"@type":"WebSite","@id":"https:\/\/iuriswinery.com\/webtrgovina\/#website","url":"https:\/\/iuriswinery.com\/webtrgovina\/","name":"Vinarija Iuris","description":"Prodaja i distribucija vina","publisher":{"@id":"https:\/\/iuriswinery.com\/webtrgovina\/#organization"},"potentialAction":[{"@type":"SearchAction","target":{"@type":"EntryPoint","urlTemplate":"https:\/\/iuriswinery.com\/webtrgovina\/?s={search_term_string}"},"query-input":"required name=search_term_string"}],"inLanguage":"hr"},{"@type":"Organization","@id":"https:\/\/iuriswinery.com\/webtrgovina\/#organization","name":"GASTRO PANTHEON D.O.O.","url":"https:\/\/iuriswinery.com\/webtrgovina\/","logo":{"@type":"ImageObject","inLanguage":"hr","@id":"https:\/\/iuriswinery.com\/webtrgovina\/#\/schema\/logo\/image\/","url":"https:\/\/iuriswinery.com\/webtrgovina\/wp-content\/uploads\/2019\/10\/gastro-pantheon-logo.png","contentUrl":"https:\/\/iuriswinery.com\/webtrgovina\/wp-content\/uploads\/2019\/10\/gastro-pantheon-logo.png","width":174,"height":78,"caption":"GASTRO PANTHEON D.O.O."},"image":{"@id":"https:\/\/iuriswinery.com\/webtrgovina\/#\/schema\/logo\/image\/"}}]}},"_links":{"self":[{"href":"https:\/\/iuriswinery.com\/webtrgovina\/wp-json\/wp\/v2\/product\/2762"}],"collection":[{"href":"https:\/\/iuriswinery.com\/webtrgovina\/wp-json\/wp\/v2\/product"}],"about":[{"href":"https:\/\/iuriswinery.com\/webtrgovina\/wp-json\/wp\/v2\/types\/product"}],"wp:featuredmedia":[{"embeddable":true,"href":"https:\/\/iuriswinery.com\/webtrgovina\/wp-json\/wp\/v2\/media\/2763"}],"wp:attachment":[{"href":"https:\/\/iuriswinery.com\/webtrgovina\/wp-json\/wp\/v2\/media?parent=2762"}],"wp:term":[{"taxonomy":"product_cat","embeddable":true,"href":"https:\/\/iuriswinery.com\/webtrgovina\/wp-json\/wp\/v2\/product_cat?post=2762"},{"taxonomy":"product_tag","embeddable":true,"href":"https:\/\/iuriswinery.com\/webtrgovina\/wp-json\/wp\/v2\/product_tag?post=2762"}],"curies":[{"name":"wp","href":"https:\/\/api.w.org\/{rel}","templated":true}]}}