{"id":1321,"date":"2019-10-16T08:42:00","date_gmt":"2019-10-16T06:42:00","guid":{"rendered":"https:\/\/iuriswinery.com\/webtrgovina\/?post_type=product&#038;p=1321"},"modified":"2026-02-06T12:42:06","modified_gmt":"2026-02-06T11:42:06","slug":"merlot-cabernet-iuris","status":"publish","type":"product","link":"https:\/\/iuriswinery.com\/webtrgovina\/proizvod\/merlot-cabernet-iuris\/","title":{"rendered":"MERLOT &amp; CABERNET IURIS  0,75L"},"content":{"rendered":"<p>Jedno od najpoznatijih svjetskih blendova koja objedinjuje vo\u0107nost merlota i zaokru\u017eenost i slo\u017eenost cabernet sauvignona. Intenzivan miris tre\u0161nje, kupine, umjerenih tanina, laganih herbalnih nota.<\/p>\n<p>Dobro ide uz crvena mesa s ro\u0161tilja ili pe\u010dena iz pe\u010dnice, dalmatinsku pa\u0161ticadu, jela od divlja\u010di. Preporu\u010damo uz tvrde sireve poput ov\u010djeg pecorina ili kravljeg grana padano.<\/p>\n<p>Poslu\u017eiti na temperaturi izme\u0111u 16 i 18 \u00b0C.<\/p>\n","protected":false},"excerpt":{"rendered":"<ul>\n<li>KLASIFIKACIJA: Kvalitetno suho crno vino<\/li>\n<li>VINOGORJE: Isto\u010dna Kontinentalna Hrvatska<\/li>\n<li>SORTA: Merlot 60 %, Cabernet Sauvignon 40 %<\/li>\n<li>ODLE\u017dAVANJE: 12 mjeseci u 500 L ba\u010dvama slavonskog hrasta<\/li>\n<li>ZAPREMNINA I ALKOHOL: 0,75 l \u2013 13,00 % alk<\/li>\n<li>PROIZVO\u0110A\u010c: Vinarija Iuris d.o.o.<\/li>\n<li><em>1,00L &#8211; 13,33 \u20ac<\/em><\/li>\n<\/ul>\n","protected":false},"featured_media":1322,"template":"","meta":[],"product_cat":[35],"product_tag":[42],"yoast_head":"<!-- This site is optimized with the Yoast SEO plugin v21.7 - https:\/\/yoast.com\/wordpress\/plugins\/seo\/ -->\n<title>MERLOT &amp; CABERNET IURIS 0,75L - Vinarija Iuris<\/title>\n<meta name=\"robots\" content=\"index, follow, max-snippet:-1, max-image-preview:large, max-video-preview:-1\" \/>\n<link rel=\"canonical\" href=\"https:\/\/iuriswinery.com\/webtrgovina\/proizvod\/merlot-cabernet-iuris\/\" \/>\n<meta property=\"og:locale\" content=\"hr_HR\" \/>\n<meta property=\"og:type\" content=\"article\" \/>\n<meta property=\"og:title\" content=\"MERLOT &amp; CABERNET IURIS 0,75L - Vinarija Iuris\" \/>\n<meta property=\"og:description\" content=\"KLASIFIKACIJA: Kvalitetno suho crno vino  VINOGORJE: Isto\u010dna Kontinentalna Hrvatska  SORTA: Merlot 60 %, Cabernet Sauvignon 40 %  ODLE\u017dAVANJE: 12 mjeseci u 500 L ba\u010dvama slavonskog hrasta  ZAPREMNINA I ALKOHOL: 0,75 l \u2013 13,00 % alk  PROIZVO\u0110A\u010c: Vinarija Iuris d.o.o.  1,00L - 13,33 \u20ac\" \/>\n<meta property=\"og:url\" content=\"https:\/\/iuriswinery.com\/webtrgovina\/proizvod\/merlot-cabernet-iuris\/\" \/>\n<meta property=\"og:site_name\" content=\"Vinarija Iuris\" \/>\n<meta property=\"article:modified_time\" content=\"2026-02-06T11:42:06+00:00\" \/>\n<meta property=\"og:image\" content=\"https:\/\/iuriswinery.com\/webtrgovina\/wp-content\/uploads\/2019\/10\/MERLOT-CABERNET-IURIS-2017-075L.jpg\" \/>\n\t<meta property=\"og:image:width\" content=\"400\" \/>\n\t<meta property=\"og:image:height\" content=\"600\" \/>\n\t<meta property=\"og:image:type\" content=\"image\/jpeg\" \/>\n<meta name=\"twitter:card\" content=\"summary_large_image\" \/>\n<meta name=\"twitter:label1\" content=\"Procijenjeno vrijeme \u010ditanja\" \/>\n\t<meta name=\"twitter:data1\" content=\"1 minuta\" \/>\n<script type=\"application\/ld+json\" class=\"yoast-schema-graph\">{\"@context\":\"https:\/\/schema.org\",\"@graph\":[{\"@type\":\"WebPage\",\"@id\":\"https:\/\/iuriswinery.com\/webtrgovina\/proizvod\/merlot-cabernet-iuris\/\",\"url\":\"https:\/\/iuriswinery.com\/webtrgovina\/proizvod\/merlot-cabernet-iuris\/\",\"name\":\"MERLOT &amp; CABERNET IURIS 0,75L - Vinarija Iuris\",\"isPartOf\":{\"@id\":\"https:\/\/iuriswinery.com\/webtrgovina\/#website\"},\"datePublished\":\"2019-10-16T06:42:00+00:00\",\"dateModified\":\"2026-02-06T11:42:06+00:00\",\"breadcrumb\":{\"@id\":\"https:\/\/iuriswinery.com\/webtrgovina\/proizvod\/merlot-cabernet-iuris\/#breadcrumb\"},\"inLanguage\":\"hr\",\"potentialAction\":[{\"@type\":\"ReadAction\",\"target\":[\"https:\/\/iuriswinery.com\/webtrgovina\/proizvod\/merlot-cabernet-iuris\/\"]}]},{\"@type\":\"BreadcrumbList\",\"@id\":\"https:\/\/iuriswinery.com\/webtrgovina\/proizvod\/merlot-cabernet-iuris\/#breadcrumb\",\"itemListElement\":[{\"@type\":\"ListItem\",\"position\":1,\"name\":\"Po\u010detna stranica\",\"item\":\"https:\/\/iuriswinery.com\/webtrgovina\/\"},{\"@type\":\"ListItem\",\"position\":2,\"name\":\"Trgovina\",\"item\":\"https:\/\/iuriswinery.com\/webtrgovina\/trgovina\/\"},{\"@type\":\"ListItem\",\"position\":3,\"name\":\"MERLOT &amp; CABERNET IURIS 0,75L\"}]},{\"@type\":\"WebSite\",\"@id\":\"https:\/\/iuriswinery.com\/webtrgovina\/#website\",\"url\":\"https:\/\/iuriswinery.com\/webtrgovina\/\",\"name\":\"Vinarija Iuris\",\"description\":\"Prodaja i distribucija vina\",\"publisher\":{\"@id\":\"https:\/\/iuriswinery.com\/webtrgovina\/#organization\"},\"potentialAction\":[{\"@type\":\"SearchAction\",\"target\":{\"@type\":\"EntryPoint\",\"urlTemplate\":\"https:\/\/iuriswinery.com\/webtrgovina\/?s={search_term_string}\"},\"query-input\":\"required name=search_term_string\"}],\"inLanguage\":\"hr\"},{\"@type\":\"Organization\",\"@id\":\"https:\/\/iuriswinery.com\/webtrgovina\/#organization\",\"name\":\"GASTRO PANTHEON D.O.O.\",\"url\":\"https:\/\/iuriswinery.com\/webtrgovina\/\",\"logo\":{\"@type\":\"ImageObject\",\"inLanguage\":\"hr\",\"@id\":\"https:\/\/iuriswinery.com\/webtrgovina\/#\/schema\/logo\/image\/\",\"url\":\"https:\/\/iuriswinery.com\/webtrgovina\/wp-content\/uploads\/2019\/10\/gastro-pantheon-logo.png\",\"contentUrl\":\"https:\/\/iuriswinery.com\/webtrgovina\/wp-content\/uploads\/2019\/10\/gastro-pantheon-logo.png\",\"width\":174,\"height\":78,\"caption\":\"GASTRO PANTHEON D.O.O.\"},\"image\":{\"@id\":\"https:\/\/iuriswinery.com\/webtrgovina\/#\/schema\/logo\/image\/\"}}]}<\/script>\n<!-- \/ Yoast SEO plugin. -->","yoast_head_json":{"title":"MERLOT &amp; CABERNET IURIS 0,75L - Vinarija Iuris","robots":{"index":"index","follow":"follow","max-snippet":"max-snippet:-1","max-image-preview":"max-image-preview:large","max-video-preview":"max-video-preview:-1"},"canonical":"https:\/\/iuriswinery.com\/webtrgovina\/proizvod\/merlot-cabernet-iuris\/","og_locale":"hr_HR","og_type":"article","og_title":"MERLOT &amp; CABERNET IURIS 0,75L - Vinarija Iuris","og_description":"KLASIFIKACIJA: Kvalitetno suho crno vino  VINOGORJE: Isto\u010dna Kontinentalna Hrvatska  SORTA: Merlot 60 %, Cabernet Sauvignon 40 %  ODLE\u017dAVANJE: 12 mjeseci u 500 L ba\u010dvama slavonskog hrasta  ZAPREMNINA I ALKOHOL: 0,75 l \u2013 13,00 % alk  PROIZVO\u0110A\u010c: Vinarija Iuris d.o.o.  1,00L - 13,33 \u20ac","og_url":"https:\/\/iuriswinery.com\/webtrgovina\/proizvod\/merlot-cabernet-iuris\/","og_site_name":"Vinarija Iuris","article_modified_time":"2026-02-06T11:42:06+00:00","og_image":[{"width":400,"height":600,"url":"https:\/\/iuriswinery.com\/webtrgovina\/wp-content\/uploads\/2019\/10\/MERLOT-CABERNET-IURIS-2017-075L.jpg","type":"image\/jpeg"}],"twitter_card":"summary_large_image","twitter_misc":{"Procijenjeno vrijeme \u010ditanja":"1 minuta"},"schema":{"@context":"https:\/\/schema.org","@graph":[{"@type":"WebPage","@id":"https:\/\/iuriswinery.com\/webtrgovina\/proizvod\/merlot-cabernet-iuris\/","url":"https:\/\/iuriswinery.com\/webtrgovina\/proizvod\/merlot-cabernet-iuris\/","name":"MERLOT &amp; CABERNET IURIS 0,75L - Vinarija Iuris","isPartOf":{"@id":"https:\/\/iuriswinery.com\/webtrgovina\/#website"},"datePublished":"2019-10-16T06:42:00+00:00","dateModified":"2026-02-06T11:42:06+00:00","breadcrumb":{"@id":"https:\/\/iuriswinery.com\/webtrgovina\/proizvod\/merlot-cabernet-iuris\/#breadcrumb"},"inLanguage":"hr","potentialAction":[{"@type":"ReadAction","target":["https:\/\/iuriswinery.com\/webtrgovina\/proizvod\/merlot-cabernet-iuris\/"]}]},{"@type":"BreadcrumbList","@id":"https:\/\/iuriswinery.com\/webtrgovina\/proizvod\/merlot-cabernet-iuris\/#breadcrumb","itemListElement":[{"@type":"ListItem","position":1,"name":"Po\u010detna stranica","item":"https:\/\/iuriswinery.com\/webtrgovina\/"},{"@type":"ListItem","position":2,"name":"Trgovina","item":"https:\/\/iuriswinery.com\/webtrgovina\/trgovina\/"},{"@type":"ListItem","position":3,"name":"MERLOT &amp; CABERNET IURIS 0,75L"}]},{"@type":"WebSite","@id":"https:\/\/iuriswinery.com\/webtrgovina\/#website","url":"https:\/\/iuriswinery.com\/webtrgovina\/","name":"Vinarija Iuris","description":"Prodaja i distribucija vina","publisher":{"@id":"https:\/\/iuriswinery.com\/webtrgovina\/#organization"},"potentialAction":[{"@type":"SearchAction","target":{"@type":"EntryPoint","urlTemplate":"https:\/\/iuriswinery.com\/webtrgovina\/?s={search_term_string}"},"query-input":"required name=search_term_string"}],"inLanguage":"hr"},{"@type":"Organization","@id":"https:\/\/iuriswinery.com\/webtrgovina\/#organization","name":"GASTRO PANTHEON D.O.O.","url":"https:\/\/iuriswinery.com\/webtrgovina\/","logo":{"@type":"ImageObject","inLanguage":"hr","@id":"https:\/\/iuriswinery.com\/webtrgovina\/#\/schema\/logo\/image\/","url":"https:\/\/iuriswinery.com\/webtrgovina\/wp-content\/uploads\/2019\/10\/gastro-pantheon-logo.png","contentUrl":"https:\/\/iuriswinery.com\/webtrgovina\/wp-content\/uploads\/2019\/10\/gastro-pantheon-logo.png","width":174,"height":78,"caption":"GASTRO PANTHEON D.O.O."},"image":{"@id":"https:\/\/iuriswinery.com\/webtrgovina\/#\/schema\/logo\/image\/"}}]}},"_links":{"self":[{"href":"https:\/\/iuriswinery.com\/webtrgovina\/wp-json\/wp\/v2\/product\/1321"}],"collection":[{"href":"https:\/\/iuriswinery.com\/webtrgovina\/wp-json\/wp\/v2\/product"}],"about":[{"href":"https:\/\/iuriswinery.com\/webtrgovina\/wp-json\/wp\/v2\/types\/product"}],"wp:featuredmedia":[{"embeddable":true,"href":"https:\/\/iuriswinery.com\/webtrgovina\/wp-json\/wp\/v2\/media\/1322"}],"wp:attachment":[{"href":"https:\/\/iuriswinery.com\/webtrgovina\/wp-json\/wp\/v2\/media?parent=1321"}],"wp:term":[{"taxonomy":"product_cat","embeddable":true,"href":"https:\/\/iuriswinery.com\/webtrgovina\/wp-json\/wp\/v2\/product_cat?post=1321"},{"taxonomy":"product_tag","embeddable":true,"href":"https:\/\/iuriswinery.com\/webtrgovina\/wp-json\/wp\/v2\/product_tag?post=1321"}],"curies":[{"name":"wp","href":"https:\/\/api.w.org\/{rel}","templated":true}]}}