{"id":1194,"date":"2020-03-02T06:57:07","date_gmt":"2020-03-02T05:57:07","guid":{"rendered":"https:\/\/iuriswinery.com\/webtrgovina\/?post_type=product&#038;p=1194"},"modified":"2026-03-23T10:51:39","modified_gmt":"2026-03-23T09:51:39","slug":"pink-moscato-iuris","status":"publish","type":"product","link":"https:\/\/iuriswinery.com\/webtrgovina\/proizvod\/pink-moscato-iuris\/","title":{"rendered":"PINK MOSCATO IURIS 0,75L"},"content":{"rendered":"<p>Izrazito ru\u017ei\u010daste boje i nagla\u0161enih mu\u0161katnih aroma. Na nosu lagane arome marelice, breskve uz dodatak crvenog vo\u0107a maline. Vrlo pitko i u\u017eitno, na nepcu ugodno harmoni\u010dnih kiselina, osvje\u017eavaju\u0107e. Finish je dugotrajan i vo\u0107an.<\/p>\n<p>Preporuka za\u00a0 poslu\u017eivanje: kao da je stvoreno za ljetno u\u017eivanje u nekom baru uz pla\u017eu, ali isto tako no\u0107nom, bilo da se pije samostalno ili uz neki ljetni lagani desert.<\/p>\n<p>Ako ste zaboravili kupiti vo\u0107e i jo\u0161 ste k tomu zaljubljeni ili ste na najboljem putu da se zaljubite, ovo \u0107e vam vino \u2018sjesti\u2019 poput pravog eliksira.<\/p>\n<p>Poslu\u017eiti na temperaturi izme\u0111u\u00a0 7 i 9 \u00b0C.<\/p>\n","protected":false},"excerpt":{"rendered":"<ul>\n<li>KLASIFIKACIJA: Kvalitetno poluslatko ros\u00e9 vino<\/li>\n<li>VINOGORJE: Hrvatsko Podunavlje<\/li>\n<li>SORTA: Zweigelt Ros\u00e9 90 %, Mu\u0161kat \u017duti 10 %<\/li>\n<li>ODLE\u017dAVANJE: Inox tankovi<\/li>\n<li>ZAPREMNINA I ALKOHOL: 0,75 l \u2013 12,00 % alk<\/li>\n<li>PROIZVO\u0110A\u010c: Vinarija Iuris d.o.o.<\/li>\n<li><em>1,00L &#8211; 10,67 \u20ac<\/em><\/li>\n<\/ul>\n","protected":false},"featured_media":1706,"template":"","meta":[],"product_cat":[37],"product_tag":[56],"yoast_head":"<!-- This site is optimized with the Yoast SEO plugin v21.7 - https:\/\/yoast.com\/wordpress\/plugins\/seo\/ -->\n<title>PINK MOSCATO IURIS 0,75L - Vinarija Iuris<\/title>\n<meta name=\"robots\" content=\"index, follow, max-snippet:-1, max-image-preview:large, max-video-preview:-1\" \/>\n<link rel=\"canonical\" href=\"https:\/\/iuriswinery.com\/webtrgovina\/proizvod\/pink-moscato-iuris\/\" \/>\n<meta property=\"og:locale\" content=\"hr_HR\" \/>\n<meta property=\"og:type\" content=\"article\" \/>\n<meta property=\"og:title\" content=\"PINK MOSCATO IURIS 0,75L - Vinarija Iuris\" \/>\n<meta property=\"og:description\" content=\"KLASIFIKACIJA: Kvalitetno poluslatko ros\u00e9 vino  VINOGORJE: Hrvatsko Podunavlje  SORTA: Zweigelt Ros\u00e9 90 %, Mu\u0161kat \u017duti 10 %  ODLE\u017dAVANJE: Inox tankovi  ZAPREMNINA I ALKOHOL: 0,75 l \u2013 12,00 % alk  PROIZVO\u0110A\u010c: Vinarija Iuris d.o.o.  1,00L - 10,67 \u20ac\" \/>\n<meta property=\"og:url\" content=\"https:\/\/iuriswinery.com\/webtrgovina\/proizvod\/pink-moscato-iuris\/\" \/>\n<meta property=\"og:site_name\" content=\"Vinarija Iuris\" \/>\n<meta property=\"article:modified_time\" content=\"2026-03-23T09:51:39+00:00\" \/>\n<meta property=\"og:image\" content=\"https:\/\/iuriswinery.com\/webtrgovina\/wp-content\/uploads\/2019\/10\/Pink-Moscato_400-x-600.png\" \/>\n\t<meta property=\"og:image:width\" content=\"400\" \/>\n\t<meta property=\"og:image:height\" content=\"600\" \/>\n\t<meta property=\"og:image:type\" content=\"image\/png\" \/>\n<meta name=\"twitter:card\" content=\"summary_large_image\" \/>\n<meta name=\"twitter:label1\" content=\"Procijenjeno vrijeme \u010ditanja\" \/>\n\t<meta name=\"twitter:data1\" content=\"1 minuta\" \/>\n<script type=\"application\/ld+json\" class=\"yoast-schema-graph\">{\"@context\":\"https:\/\/schema.org\",\"@graph\":[{\"@type\":\"WebPage\",\"@id\":\"https:\/\/iuriswinery.com\/webtrgovina\/proizvod\/pink-moscato-iuris\/\",\"url\":\"https:\/\/iuriswinery.com\/webtrgovina\/proizvod\/pink-moscato-iuris\/\",\"name\":\"PINK MOSCATO IURIS 0,75L - Vinarija Iuris\",\"isPartOf\":{\"@id\":\"https:\/\/iuriswinery.com\/webtrgovina\/#website\"},\"datePublished\":\"2020-03-02T05:57:07+00:00\",\"dateModified\":\"2026-03-23T09:51:39+00:00\",\"breadcrumb\":{\"@id\":\"https:\/\/iuriswinery.com\/webtrgovina\/proizvod\/pink-moscato-iuris\/#breadcrumb\"},\"inLanguage\":\"hr\",\"potentialAction\":[{\"@type\":\"ReadAction\",\"target\":[\"https:\/\/iuriswinery.com\/webtrgovina\/proizvod\/pink-moscato-iuris\/\"]}]},{\"@type\":\"BreadcrumbList\",\"@id\":\"https:\/\/iuriswinery.com\/webtrgovina\/proizvod\/pink-moscato-iuris\/#breadcrumb\",\"itemListElement\":[{\"@type\":\"ListItem\",\"position\":1,\"name\":\"Po\u010detna stranica\",\"item\":\"https:\/\/iuriswinery.com\/webtrgovina\/\"},{\"@type\":\"ListItem\",\"position\":2,\"name\":\"Trgovina\",\"item\":\"https:\/\/iuriswinery.com\/webtrgovina\/trgovina\/\"},{\"@type\":\"ListItem\",\"position\":3,\"name\":\"PINK MOSCATO IURIS 0,75L\"}]},{\"@type\":\"WebSite\",\"@id\":\"https:\/\/iuriswinery.com\/webtrgovina\/#website\",\"url\":\"https:\/\/iuriswinery.com\/webtrgovina\/\",\"name\":\"Vinarija Iuris\",\"description\":\"Prodaja i distribucija vina\",\"publisher\":{\"@id\":\"https:\/\/iuriswinery.com\/webtrgovina\/#organization\"},\"potentialAction\":[{\"@type\":\"SearchAction\",\"target\":{\"@type\":\"EntryPoint\",\"urlTemplate\":\"https:\/\/iuriswinery.com\/webtrgovina\/?s={search_term_string}\"},\"query-input\":\"required name=search_term_string\"}],\"inLanguage\":\"hr\"},{\"@type\":\"Organization\",\"@id\":\"https:\/\/iuriswinery.com\/webtrgovina\/#organization\",\"name\":\"GASTRO PANTHEON D.O.O.\",\"url\":\"https:\/\/iuriswinery.com\/webtrgovina\/\",\"logo\":{\"@type\":\"ImageObject\",\"inLanguage\":\"hr\",\"@id\":\"https:\/\/iuriswinery.com\/webtrgovina\/#\/schema\/logo\/image\/\",\"url\":\"https:\/\/iuriswinery.com\/webtrgovina\/wp-content\/uploads\/2019\/10\/gastro-pantheon-logo.png\",\"contentUrl\":\"https:\/\/iuriswinery.com\/webtrgovina\/wp-content\/uploads\/2019\/10\/gastro-pantheon-logo.png\",\"width\":174,\"height\":78,\"caption\":\"GASTRO PANTHEON D.O.O.\"},\"image\":{\"@id\":\"https:\/\/iuriswinery.com\/webtrgovina\/#\/schema\/logo\/image\/\"}}]}<\/script>\n<!-- \/ Yoast SEO plugin. -->","yoast_head_json":{"title":"PINK MOSCATO IURIS 0,75L - Vinarija Iuris","robots":{"index":"index","follow":"follow","max-snippet":"max-snippet:-1","max-image-preview":"max-image-preview:large","max-video-preview":"max-video-preview:-1"},"canonical":"https:\/\/iuriswinery.com\/webtrgovina\/proizvod\/pink-moscato-iuris\/","og_locale":"hr_HR","og_type":"article","og_title":"PINK MOSCATO IURIS 0,75L - Vinarija Iuris","og_description":"KLASIFIKACIJA: Kvalitetno poluslatko ros\u00e9 vino  VINOGORJE: Hrvatsko Podunavlje  SORTA: Zweigelt Ros\u00e9 90 %, Mu\u0161kat \u017duti 10 %  ODLE\u017dAVANJE: Inox tankovi  ZAPREMNINA I ALKOHOL: 0,75 l \u2013 12,00 % alk  PROIZVO\u0110A\u010c: Vinarija Iuris d.o.o.  1,00L - 10,67 \u20ac","og_url":"https:\/\/iuriswinery.com\/webtrgovina\/proizvod\/pink-moscato-iuris\/","og_site_name":"Vinarija Iuris","article_modified_time":"2026-03-23T09:51:39+00:00","og_image":[{"width":400,"height":600,"url":"https:\/\/iuriswinery.com\/webtrgovina\/wp-content\/uploads\/2019\/10\/Pink-Moscato_400-x-600.png","type":"image\/png"}],"twitter_card":"summary_large_image","twitter_misc":{"Procijenjeno vrijeme \u010ditanja":"1 minuta"},"schema":{"@context":"https:\/\/schema.org","@graph":[{"@type":"WebPage","@id":"https:\/\/iuriswinery.com\/webtrgovina\/proizvod\/pink-moscato-iuris\/","url":"https:\/\/iuriswinery.com\/webtrgovina\/proizvod\/pink-moscato-iuris\/","name":"PINK MOSCATO IURIS 0,75L - Vinarija Iuris","isPartOf":{"@id":"https:\/\/iuriswinery.com\/webtrgovina\/#website"},"datePublished":"2020-03-02T05:57:07+00:00","dateModified":"2026-03-23T09:51:39+00:00","breadcrumb":{"@id":"https:\/\/iuriswinery.com\/webtrgovina\/proizvod\/pink-moscato-iuris\/#breadcrumb"},"inLanguage":"hr","potentialAction":[{"@type":"ReadAction","target":["https:\/\/iuriswinery.com\/webtrgovina\/proizvod\/pink-moscato-iuris\/"]}]},{"@type":"BreadcrumbList","@id":"https:\/\/iuriswinery.com\/webtrgovina\/proizvod\/pink-moscato-iuris\/#breadcrumb","itemListElement":[{"@type":"ListItem","position":1,"name":"Po\u010detna stranica","item":"https:\/\/iuriswinery.com\/webtrgovina\/"},{"@type":"ListItem","position":2,"name":"Trgovina","item":"https:\/\/iuriswinery.com\/webtrgovina\/trgovina\/"},{"@type":"ListItem","position":3,"name":"PINK MOSCATO IURIS 0,75L"}]},{"@type":"WebSite","@id":"https:\/\/iuriswinery.com\/webtrgovina\/#website","url":"https:\/\/iuriswinery.com\/webtrgovina\/","name":"Vinarija Iuris","description":"Prodaja i distribucija vina","publisher":{"@id":"https:\/\/iuriswinery.com\/webtrgovina\/#organization"},"potentialAction":[{"@type":"SearchAction","target":{"@type":"EntryPoint","urlTemplate":"https:\/\/iuriswinery.com\/webtrgovina\/?s={search_term_string}"},"query-input":"required name=search_term_string"}],"inLanguage":"hr"},{"@type":"Organization","@id":"https:\/\/iuriswinery.com\/webtrgovina\/#organization","name":"GASTRO PANTHEON D.O.O.","url":"https:\/\/iuriswinery.com\/webtrgovina\/","logo":{"@type":"ImageObject","inLanguage":"hr","@id":"https:\/\/iuriswinery.com\/webtrgovina\/#\/schema\/logo\/image\/","url":"https:\/\/iuriswinery.com\/webtrgovina\/wp-content\/uploads\/2019\/10\/gastro-pantheon-logo.png","contentUrl":"https:\/\/iuriswinery.com\/webtrgovina\/wp-content\/uploads\/2019\/10\/gastro-pantheon-logo.png","width":174,"height":78,"caption":"GASTRO PANTHEON D.O.O."},"image":{"@id":"https:\/\/iuriswinery.com\/webtrgovina\/#\/schema\/logo\/image\/"}}]}},"_links":{"self":[{"href":"https:\/\/iuriswinery.com\/webtrgovina\/wp-json\/wp\/v2\/product\/1194"}],"collection":[{"href":"https:\/\/iuriswinery.com\/webtrgovina\/wp-json\/wp\/v2\/product"}],"about":[{"href":"https:\/\/iuriswinery.com\/webtrgovina\/wp-json\/wp\/v2\/types\/product"}],"wp:featuredmedia":[{"embeddable":true,"href":"https:\/\/iuriswinery.com\/webtrgovina\/wp-json\/wp\/v2\/media\/1706"}],"wp:attachment":[{"href":"https:\/\/iuriswinery.com\/webtrgovina\/wp-json\/wp\/v2\/media?parent=1194"}],"wp:term":[{"taxonomy":"product_cat","embeddable":true,"href":"https:\/\/iuriswinery.com\/webtrgovina\/wp-json\/wp\/v2\/product_cat?post=1194"},{"taxonomy":"product_tag","embeddable":true,"href":"https:\/\/iuriswinery.com\/webtrgovina\/wp-json\/wp\/v2\/product_tag?post=1194"}],"curies":[{"name":"wp","href":"https:\/\/api.w.org\/{rel}","templated":true}]}}