{"id":1564,"date":"2019-11-04T13:41:13","date_gmt":"2019-11-04T12:41:13","guid":{"rendered":"https:\/\/iuriswinery.com\/webtrgovina\/?page_id=1564"},"modified":"2026-02-19T22:12:25","modified_gmt":"2026-02-19T21:12:25","slug":"poklon-paketi","status":"publish","type":"page","link":"https:\/\/iuriswinery.com\/webtrgovina\/poklon-paketi\/","title":{"rendered":"Poklon paketi"},"content":{"rendered":"<p>[vc_row][vc_column][vc_column_text]<\/p>\n<p style=\"text-align: left;\"><strong>Dopustite da vas inspiriramo u umije\u0107u darivanja.<\/strong><\/p>\n<p style=\"text-align: left;\"><strong>Prolistajte katalog poklon paketa klikom na:<\/strong><\/p>\n<h2 style=\"text-align: left;\"><strong><a href=\"http:\/\/online.pubhtml5.com\/fjvn\/siid\/\" target=\"_blank\" rel=\"noopener noreferrer\">KATALOG \u2192POKLON PAKETI VINA IURIS.<\/a><\/strong><\/h2>\n<p style=\"text-align: left;\">KAKO BISMO SAZNALI VA\u0160E \u017dELJE I POTREBE DARIVANJA, NAZOVITE <strong>01\/38 38 505<\/strong>\u00a0 ili\u00a0 098\/ 302 195\u00a0 ZA SAVJET .<\/p>\n<p style=\"text-align: left;\">Bilo da trebate odabrati pojedina\u010dan dar za kolekcionara ili jedinstvene darove za cijeli tim, na Va\u0161oj smo usluzi. Pomo\u0107i \u0107emo Vam uhvatiti bezvremenski izraz zahvalnosti. Na\u0161 stru\u010dni tim pomo\u0107i \u0107e Vam u\u00a0jednostavnom i besprijekornom darivanju. Uz na\u0161u pomo\u0107 prilagodite darove u skladu s va\u0161im to\u010dnim specifikacijama, a isporu\u010dit \u0107emo ih u prezentacijskoj kutiji od jedne do tri boce po va\u0161em izboru i s porukom (with compliments) uz svaki darovni nalog u najkra\u0107emo mogu\u0107em roku.<\/p>\n<p>\u00a0[\/vc_column_text][\/vc_column][\/vc_row][vc_row][vc_column]<div class=\"basel-products-element\"><div class=\"basel-products-loader\"><\/div><div class=\"products elements-grid row basel-products-holder  pagination-arrows grid-columns-4\" data-paged=\"1\" data-source=\"shortcode\" data-atts=\"{&quot;post_type&quot;:&quot;ids&quot;,&quot;layout&quot;:&quot;grid&quot;,&quot;include&quot;:&quot;1657, 1660, 1654, 2207&quot;,&quot;custom_query&quot;:&quot;&quot;,&quot;taxonomies&quot;:&quot;&quot;,&quot;pagination&quot;:&quot;arrows&quot;,&quot;items_per_page&quot;:&quot;4&quot;,&quot;product_hover&quot;:&quot;standard&quot;,&quot;columns&quot;:&quot;4&quot;,&quot;sale_countdown&quot;:0,&quot;offset&quot;:&quot;&quot;,&quot;orderby&quot;:&quot;date&quot;,&quot;query_type&quot;:&quot;OR&quot;,&quot;order&quot;:&quot;DESC&quot;,&quot;meta_key&quot;:&quot;&quot;,&quot;exclude&quot;:&quot;&quot;,&quot;class&quot;:&quot;&quot;,&quot;ajax_page&quot;:&quot;&quot;,&quot;speed&quot;:&quot;5000&quot;,&quot;slides_per_view&quot;:&quot;1&quot;,&quot;wrap&quot;:&quot;&quot;,&quot;autoplay&quot;:&quot;no&quot;,&quot;hide_pagination_control&quot;:&quot;&quot;,&quot;hide_prev_next_buttons&quot;:&quot;&quot;,&quot;scroll_per_page&quot;:&quot;yes&quot;,&quot;carousel_js_inline&quot;:&quot;no&quot;,&quot;img_size&quot;:&quot;thumbnail&quot;,&quot;force_not_ajax&quot;:&quot;no&quot;,&quot;center_mode&quot;:&quot;no&quot;,&quot;products_masonry&quot;:&quot;0&quot;,&quot;products_different_sizes&quot;:&quot;0&quot;}\"><\/div><\/div>[\/vc_column][\/vc_row]<\/p>\n","protected":false},"excerpt":{"rendered":"<p>[vc_row][vc_column][vc_column_text] Dopustite da vas inspiriramo u umije\u0107u darivanja. Prolistajte katalog poklon paketa klikom na: KATALOG \u2192POKLON PAKETI VINA IURIS. KAKO<\/p>\n","protected":false},"author":2,"featured_media":0,"parent":0,"menu_order":0,"comment_status":"closed","ping_status":"closed","template":"","meta":{"footnotes":""},"yoast_head":"<!-- This site is optimized with the Yoast SEO plugin v21.7 - https:\/\/yoast.com\/wordpress\/plugins\/seo\/ -->\n<title>Poklon paketi - Vinarija Iuris<\/title>\n<meta name=\"robots\" content=\"index, follow, max-snippet:-1, max-image-preview:large, max-video-preview:-1\" \/>\n<link rel=\"canonical\" href=\"https:\/\/iuriswinery.com\/webtrgovina\/poklon-paketi\/\" \/>\n<meta property=\"og:locale\" content=\"hr_HR\" \/>\n<meta property=\"og:type\" content=\"article\" \/>\n<meta property=\"og:title\" content=\"Poklon paketi - Vinarija Iuris\" \/>\n<meta property=\"og:description\" content=\"[vc_row][vc_column][vc_column_text] Dopustite da vas inspiriramo u umije\u0107u darivanja. Prolistajte katalog poklon paketa klikom na: KATALOG \u2192POKLON PAKETI VINA IURIS. KAKO\" \/>\n<meta property=\"og:url\" content=\"https:\/\/iuriswinery.com\/webtrgovina\/poklon-paketi\/\" \/>\n<meta property=\"og:site_name\" content=\"Vinarija Iuris\" \/>\n<meta property=\"article:modified_time\" content=\"2026-02-19T21:12:25+00:00\" \/>\n<meta name=\"twitter:card\" content=\"summary_large_image\" \/>\n<meta name=\"twitter:label1\" content=\"Procijenjeno vrijeme \u010ditanja\" \/>\n\t<meta name=\"twitter:data1\" content=\"1 minuta\" \/>\n<script type=\"application\/ld+json\" class=\"yoast-schema-graph\">{\"@context\":\"https:\/\/schema.org\",\"@graph\":[{\"@type\":\"WebPage\",\"@id\":\"https:\/\/iuriswinery.com\/webtrgovina\/poklon-paketi\/\",\"url\":\"https:\/\/iuriswinery.com\/webtrgovina\/poklon-paketi\/\",\"name\":\"Poklon paketi - Vinarija Iuris\",\"isPartOf\":{\"@id\":\"https:\/\/iuriswinery.com\/webtrgovina\/#website\"},\"datePublished\":\"2019-11-04T12:41:13+00:00\",\"dateModified\":\"2026-02-19T21:12:25+00:00\",\"breadcrumb\":{\"@id\":\"https:\/\/iuriswinery.com\/webtrgovina\/poklon-paketi\/#breadcrumb\"},\"inLanguage\":\"hr\",\"potentialAction\":[{\"@type\":\"ReadAction\",\"target\":[\"https:\/\/iuriswinery.com\/webtrgovina\/poklon-paketi\/\"]}]},{\"@type\":\"BreadcrumbList\",\"@id\":\"https:\/\/iuriswinery.com\/webtrgovina\/poklon-paketi\/#breadcrumb\",\"itemListElement\":[{\"@type\":\"ListItem\",\"position\":1,\"name\":\"Po\u010detna stranica\",\"item\":\"https:\/\/iuriswinery.com\/webtrgovina\/\"},{\"@type\":\"ListItem\",\"position\":2,\"name\":\"Poklon paketi\"}]},{\"@type\":\"WebSite\",\"@id\":\"https:\/\/iuriswinery.com\/webtrgovina\/#website\",\"url\":\"https:\/\/iuriswinery.com\/webtrgovina\/\",\"name\":\"Vinarija Iuris\",\"description\":\"Prodaja i distribucija vina\",\"publisher\":{\"@id\":\"https:\/\/iuriswinery.com\/webtrgovina\/#organization\"},\"potentialAction\":[{\"@type\":\"SearchAction\",\"target\":{\"@type\":\"EntryPoint\",\"urlTemplate\":\"https:\/\/iuriswinery.com\/webtrgovina\/?s={search_term_string}\"},\"query-input\":\"required name=search_term_string\"}],\"inLanguage\":\"hr\"},{\"@type\":\"Organization\",\"@id\":\"https:\/\/iuriswinery.com\/webtrgovina\/#organization\",\"name\":\"GASTRO PANTHEON D.O.O.\",\"url\":\"https:\/\/iuriswinery.com\/webtrgovina\/\",\"logo\":{\"@type\":\"ImageObject\",\"inLanguage\":\"hr\",\"@id\":\"https:\/\/iuriswinery.com\/webtrgovina\/#\/schema\/logo\/image\/\",\"url\":\"https:\/\/iuriswinery.com\/webtrgovina\/wp-content\/uploads\/2019\/10\/gastro-pantheon-logo.png\",\"contentUrl\":\"https:\/\/iuriswinery.com\/webtrgovina\/wp-content\/uploads\/2019\/10\/gastro-pantheon-logo.png\",\"width\":174,\"height\":78,\"caption\":\"GASTRO PANTHEON D.O.O.\"},\"image\":{\"@id\":\"https:\/\/iuriswinery.com\/webtrgovina\/#\/schema\/logo\/image\/\"}}]}<\/script>\n<!-- \/ Yoast SEO plugin. -->","yoast_head_json":{"title":"Poklon paketi - Vinarija Iuris","robots":{"index":"index","follow":"follow","max-snippet":"max-snippet:-1","max-image-preview":"max-image-preview:large","max-video-preview":"max-video-preview:-1"},"canonical":"https:\/\/iuriswinery.com\/webtrgovina\/poklon-paketi\/","og_locale":"hr_HR","og_type":"article","og_title":"Poklon paketi - Vinarija Iuris","og_description":"[vc_row][vc_column][vc_column_text] Dopustite da vas inspiriramo u umije\u0107u darivanja. Prolistajte katalog poklon paketa klikom na: KATALOG \u2192POKLON PAKETI VINA IURIS. KAKO","og_url":"https:\/\/iuriswinery.com\/webtrgovina\/poklon-paketi\/","og_site_name":"Vinarija Iuris","article_modified_time":"2026-02-19T21:12:25+00:00","twitter_card":"summary_large_image","twitter_misc":{"Procijenjeno vrijeme \u010ditanja":"1 minuta"},"schema":{"@context":"https:\/\/schema.org","@graph":[{"@type":"WebPage","@id":"https:\/\/iuriswinery.com\/webtrgovina\/poklon-paketi\/","url":"https:\/\/iuriswinery.com\/webtrgovina\/poklon-paketi\/","name":"Poklon paketi - Vinarija Iuris","isPartOf":{"@id":"https:\/\/iuriswinery.com\/webtrgovina\/#website"},"datePublished":"2019-11-04T12:41:13+00:00","dateModified":"2026-02-19T21:12:25+00:00","breadcrumb":{"@id":"https:\/\/iuriswinery.com\/webtrgovina\/poklon-paketi\/#breadcrumb"},"inLanguage":"hr","potentialAction":[{"@type":"ReadAction","target":["https:\/\/iuriswinery.com\/webtrgovina\/poklon-paketi\/"]}]},{"@type":"BreadcrumbList","@id":"https:\/\/iuriswinery.com\/webtrgovina\/poklon-paketi\/#breadcrumb","itemListElement":[{"@type":"ListItem","position":1,"name":"Po\u010detna stranica","item":"https:\/\/iuriswinery.com\/webtrgovina\/"},{"@type":"ListItem","position":2,"name":"Poklon paketi"}]},{"@type":"WebSite","@id":"https:\/\/iuriswinery.com\/webtrgovina\/#website","url":"https:\/\/iuriswinery.com\/webtrgovina\/","name":"Vinarija Iuris","description":"Prodaja i distribucija vina","publisher":{"@id":"https:\/\/iuriswinery.com\/webtrgovina\/#organization"},"potentialAction":[{"@type":"SearchAction","target":{"@type":"EntryPoint","urlTemplate":"https:\/\/iuriswinery.com\/webtrgovina\/?s={search_term_string}"},"query-input":"required name=search_term_string"}],"inLanguage":"hr"},{"@type":"Organization","@id":"https:\/\/iuriswinery.com\/webtrgovina\/#organization","name":"GASTRO PANTHEON D.O.O.","url":"https:\/\/iuriswinery.com\/webtrgovina\/","logo":{"@type":"ImageObject","inLanguage":"hr","@id":"https:\/\/iuriswinery.com\/webtrgovina\/#\/schema\/logo\/image\/","url":"https:\/\/iuriswinery.com\/webtrgovina\/wp-content\/uploads\/2019\/10\/gastro-pantheon-logo.png","contentUrl":"https:\/\/iuriswinery.com\/webtrgovina\/wp-content\/uploads\/2019\/10\/gastro-pantheon-logo.png","width":174,"height":78,"caption":"GASTRO PANTHEON D.O.O."},"image":{"@id":"https:\/\/iuriswinery.com\/webtrgovina\/#\/schema\/logo\/image\/"}}]}},"_links":{"self":[{"href":"https:\/\/iuriswinery.com\/webtrgovina\/wp-json\/wp\/v2\/pages\/1564"}],"collection":[{"href":"https:\/\/iuriswinery.com\/webtrgovina\/wp-json\/wp\/v2\/pages"}],"about":[{"href":"https:\/\/iuriswinery.com\/webtrgovina\/wp-json\/wp\/v2\/types\/page"}],"author":[{"embeddable":true,"href":"https:\/\/iuriswinery.com\/webtrgovina\/wp-json\/wp\/v2\/users\/2"}],"replies":[{"embeddable":true,"href":"https:\/\/iuriswinery.com\/webtrgovina\/wp-json\/wp\/v2\/comments?post=1564"}],"version-history":[{"count":15,"href":"https:\/\/iuriswinery.com\/webtrgovina\/wp-json\/wp\/v2\/pages\/1564\/revisions"}],"predecessor-version":[{"id":2910,"href":"https:\/\/iuriswinery.com\/webtrgovina\/wp-json\/wp\/v2\/pages\/1564\/revisions\/2910"}],"wp:attachment":[{"href":"https:\/\/iuriswinery.com\/webtrgovina\/wp-json\/wp\/v2\/media?parent=1564"}],"curies":[{"name":"wp","href":"https:\/\/api.w.org\/{rel}","templated":true}]}}