{"id":1407,"date":"2019-10-28T13:21:15","date_gmt":"2019-10-28T12:21:15","guid":{"rendered":"https:\/\/iuriswinery.com\/webtrgovina\/?page_id=1407"},"modified":"2026-02-19T22:04:32","modified_gmt":"2026-02-19T21:04:32","slug":"vinarija-iuris","status":"publish","type":"page","link":"https:\/\/iuriswinery.com\/webtrgovina\/vinarija-iuris\/","title":{"rendered":"Vinarija Iuris"},"content":{"rendered":"<p>[vc_row][vc_column][vc_column_text]<\/p>\n<div class=\"viewport\">\n<div class=\"overview wysiwyg\">\n<p><a href=\"http:\/\/www.iuriswinery.com\">Vinarija Iuris<\/a> \u017eeli se na tr\u017ei\u0161tu predstaviti kao izraziti brend i\u00a0<em>label.\u00a0<\/em>Filozofija same vinarije jest ponuda kvalitetnih vina za sve one koji cijene kvalitetu, ali i s njom sukladnu cijenu. \u017delimo na\u0161im vinima pronositi ideju da je vino svakodnevno pi\u0107e, a to zna\u010di ponuditi vino koje \u0107e se rado piti u svim \u017eivotnim prilikama (bilo kada i bilo gdje), a ne samo sve\u010danim. Nadalje \u017eelja nam je da na\u0161a vina, izme\u0111u ostalog, prigrli mla\u0111a populacija kojoj treba pribli\u017eiti vino, a koja vino jo\u0161 uvijek dr\u017ei skupim, rezerviranim za ljude duboka d\u017eepa (op\u0107a predod\u017eba i posljedica dugogodi\u0161nje stvaranog imid\u017ea o ekskluzivnosti vina kao proizvoda u Hrvatskoj). U postavljenim ciljevima u tom smjeru veliku va\u017enost pridajemo inovaciji i kreaciji. Inovacija \u2013 ponuditi ne\u0161to novo, neo\u010dekivano, uzbudljivo i primjereno vremenu; kreacija \u2013 dati tome novome svoj osobni autorski potpis te se kreativnom prepoznatljivo\u0161\u0107u izdvojiti iz mase dobrih, ali tradicionalnih vina kojima po\u010desto nedostaje originalnosti i stvarala\u010dkog pomaka njihova tvorca \u2013 vinara.<\/p>\n<p>Slogan\u00a0<em>Misli globalno, djeluj lokalno\u00a0<\/em>kod nas je osnovna strategija razvoja i poslovne filozofije jer premda nam je ishodi\u0161te hrvatsko Podunavlje, \u017eelimo se profilirati puno \u0161ire, kao vinarija \u010diji je djelokrug, zapravo, podru\u010dje cijele Hrvatske i \u010diji vinar u kreaciji vinskog asortimana ku\u0107e odabire najbolje od svih terroira u Hrvatskoj. U svojoj poslovnoj opredijeljenosti vinarija Iuris \u017eeli svoj katalog ponude vina \u0161iriti isklju\u010divo u asortimanu, a ne i u koli\u010dinama jer \u017eeli zadr\u017eati karakter male, butikne vinarije poznate po svojim karakternim vinima.<\/p>\n<p>&nbsp;<\/p>\n<\/div>\n<p>Saltwater (cabernet sauvignon i sauvignon blanc), autorska linija vina koja nosi izrazit pe\u010dat svoga enologa, osmi\u0161ljena da ugodi mla\u0111em potro\u0161a\u010du odmaknutom od tipa tradicionalnih vina. Sam naziv dolazi od podzemnog jezera koje se nalazi ispod Erduta, a koje je nazvano \u201eslana voda\u201c. Po pristupu vina vi\u0161e podsje\u0107aju na vina Novoga svijeta nego na klasi\u010dna europska vina. Vina su vrlo bogata aromama, Cabernet je izrazito vo\u0107an (vrlo nagla\u0161ene arome bobi\u010dastih plodova) dok je Sauvignon ekstremno herbalnog karaktera. Nagla\u0161ena mineralnost i bogatstvo aroma temeljne su karakteristike vina iz serije Saltwater.<\/p>\n<p>&nbsp;<\/p>\n<\/div>\n<p>Klasi\u010dna serija (cabernet sauvignon, merlot, crni pinot, mu\u0161katni silvanac, chardonnay). Osnovna i najva\u017enija serija Iurisovih vina. Poznavanje &#8216;gramatike&#8217; vina i sorte uvjet je bez kojeg se ne mo\u017ee, a tu se na\u0161a vinarija i njezin enolog izvrsno snalaze nude\u0107i konzumentima odli\u010dna, dobro izbalansirana vina s najboljim odnosom kvalitete i cijene u Hrvatskoj. Pristup vinifikaciji vi\u0161e je tradicionalan, ali s blagim stilskim pomakom od karakteristika glavne struje takvih vina. Naglasak je na vo\u0107u \u0161to je generalna karakteristika na\u0161ih vina.<\/p>\n<p>Serija ru\u017ei\u010dastih vina zauzima naro\u010dito mjesto u na\u0161oj vinariji i ima posebnu pa\u017enju svoga enologa. Imamo san i cilj! \u017delimo postati apsolutni hrvatski lider u proizvodnji ru\u017ei\u010dastih vina, a smatramo da Rosalia ima sve pretpostavke da postane najpopularniji hrvatski ros\u00e9. \u0160tovi\u0161e, za Klasi\u010deka je ros\u00e9 misija, ne samo zato jer bilje\u017ei najve\u0107i uspon na svjetskom tr\u017ei\u0161tu vina ve\u0107 zbog istinskog osobnog uvjerenja da ros\u00e9 u sebi objedinjuje najbolje od bijelih i crnih vina. Nudimo ga u dvije ina\u010dice, kao suho Rosalia i poluslatko Rosalia Fresh.<\/p>\n<p>Jenaro &#8211; Poznata izreka pelje\u0161kih vinogradara <em>Svaku lozu hvali, ali sadi plavac mali <\/em>dugo je o\u010dito odjekivala u uhu vinara Klasi\u010deka i njezin odjek, eho svako je malo provocirao njegov stvarala\u010dki nerv. Kad su se zvuk i jeka poklopili, nastalo je vino! Uop\u0107eno re\u010deno, uzimaju\u0107i u obzir pristup vinifikaciji koji se kod nas njeguje, ovaj plavac je vo\u0107an i gotovo netani\u010dan \u0161to potpuno odudara od klasi\u010dnog dalmatinskog plavca s izra\u017eenim alkoholima i grubim taninima. Vino dolazi s Bra\u010da i predstavlja na\u0161u malu podunavsku &#8216;prekomorsku&#8217; akviziciju kako to rade velike i poznate svjetske europske vinarije koje pod svojom robnom markom proizvode vina u Chileu, Argentini itd.<\/p>\n<div class=\"viewport\">\n<div class=\"overview wysiwyg\">\n<p>Biciklisti (sauvignon + gra\u0161evina, traminac + gra\u0161evina, chardonnay + gra\u0161evina, ros\u00e9) su linija osmi\u0161ljena kao projekt koji \u0107e mla\u0111em potro\u0161a\u010du ponuditi vesela mlada vina po povoljnoj cijeni. Sam naziv radler dolazi iz pivskog svijeta, odnosno prema legendi u kojoj je njema\u010dki gostioni\u010dar \u010dekao na svoje stalne mu\u0161terije bicikliste i ustanovio da ne\u0107e imati dovoljno piva za njih, pa je pivo pomije\u0161ao s limunadom na sveop\u0107e zadovoljstvo konzumenata. Preuzev\u0161i u biti ideju, ali je prilagodiv\u0161i vlastitu pristupu te polaze\u0107i od toga da je sljubljivanje bijelih sorti s gra\u0161evinom bio prirodan put za razvoj linije budu\u0107i da je gra\u0161evina \u0161iroko rasprostranjeno potro\u0161a\u010dko bijelo vino u Hrvatskoj, omogu\u0107en je na\u010din da se u\u0111e u to prenapu\u010deno tr\u017ei\u0161te tako re\u0107i &#8220;na zadnja vrata\u201c stvaraju\u0107i prosje\u010dnom potro\u0161a\u010du gra\u0161evine platformu za upoznavanje drugih sorti podneblja. Po definiciji i funkciji linija u potpunosti odra\u017eava na\u0161 suvremeni pristup \u2013 vina u kupa\u017eama s jedne strane odra\u017eavaju lokalni <em>terroir<\/em>, a s druge u kupa\u017ei po principu &#8216;dva u jedan&#8217; daju dodatnu vrijednost (simbol \u201e+\u201c), autenti\u010dno vino odmaknuto od tradicionalnog pristupa. Vina su inovativna, svje\u017ea i vi\u0161edimenzionalna u svojoj jednostavnosti. Radler je kod nas postao tandem!<\/p>\n<\/div>\n<\/div>\n<div class=\"scrollbar\"><\/div>\n<p>[\/vc_column_text][\/vc_column][\/vc_row]<\/p>\n","protected":false},"excerpt":{"rendered":"<p>[vc_row][vc_column][vc_column_text] Vinarija Iuris \u017eeli se na tr\u017ei\u0161tu predstaviti kao izraziti brend i\u00a0label.\u00a0Filozofija same vinarije jest ponuda kvalitetnih vina za sve<\/p>\n","protected":false},"author":1,"featured_media":0,"parent":0,"menu_order":0,"comment_status":"closed","ping_status":"closed","template":"","meta":{"footnotes":""},"yoast_head":"<!-- This site is optimized with the Yoast SEO plugin v21.7 - https:\/\/yoast.com\/wordpress\/plugins\/seo\/ -->\n<title>Vinarija Iuris - Vinarija Iuris | Inovativna hrvatska vina<\/title>\n<meta name=\"description\" content=\"Zaronite u svijet Vinarije Iuris u Gastro Pantheonu. Otkrijte inovaciju i kreativnost u svakom gutljaju! #ljubiteljivina #GastroPantheon\" \/>\n<meta name=\"robots\" content=\"index, follow, max-snippet:-1, max-image-preview:large, max-video-preview:-1\" \/>\n<link rel=\"canonical\" href=\"https:\/\/iuriswinery.com\/webtrgovina\/vinarija-iuris\/\" \/>\n<meta property=\"og:locale\" content=\"hr_HR\" \/>\n<meta property=\"og:type\" content=\"article\" \/>\n<meta property=\"og:title\" content=\"Vinarija Iuris - Vinarija Iuris | Inovativna hrvatska vina\" \/>\n<meta property=\"og:description\" content=\"Zaronite u svijet Vinarije Iuris u Gastro Pantheonu. Otkrijte inovaciju i kreativnost u svakom gutljaju! #ljubiteljivina #GastroPantheon\" \/>\n<meta property=\"og:url\" content=\"https:\/\/iuriswinery.com\/webtrgovina\/vinarija-iuris\/\" \/>\n<meta property=\"og:site_name\" content=\"Vinarija Iuris\" \/>\n<meta property=\"article:modified_time\" content=\"2026-02-19T21:04:32+00:00\" \/>\n<meta name=\"twitter:card\" content=\"summary_large_image\" \/>\n<meta name=\"twitter:label1\" content=\"Procijenjeno vrijeme \u010ditanja\" \/>\n\t<meta name=\"twitter:data1\" content=\"5 minuta\" \/>\n<script type=\"application\/ld+json\" class=\"yoast-schema-graph\">{\"@context\":\"https:\/\/schema.org\",\"@graph\":[{\"@type\":\"WebPage\",\"@id\":\"https:\/\/iuriswinery.com\/webtrgovina\/vinarija-iuris\/\",\"url\":\"https:\/\/iuriswinery.com\/webtrgovina\/vinarija-iuris\/\",\"name\":\"Vinarija Iuris - Vinarija Iuris | Inovativna hrvatska vina\",\"isPartOf\":{\"@id\":\"https:\/\/iuriswinery.com\/webtrgovina\/#website\"},\"datePublished\":\"2019-10-28T12:21:15+00:00\",\"dateModified\":\"2026-02-19T21:04:32+00:00\",\"description\":\"Zaronite u svijet Vinarije Iuris u Gastro Pantheonu. Otkrijte inovaciju i kreativnost u svakom gutljaju! #ljubiteljivina #GastroPantheon\",\"breadcrumb\":{\"@id\":\"https:\/\/iuriswinery.com\/webtrgovina\/vinarija-iuris\/#breadcrumb\"},\"inLanguage\":\"hr\",\"potentialAction\":[{\"@type\":\"ReadAction\",\"target\":[\"https:\/\/iuriswinery.com\/webtrgovina\/vinarija-iuris\/\"]}]},{\"@type\":\"BreadcrumbList\",\"@id\":\"https:\/\/iuriswinery.com\/webtrgovina\/vinarija-iuris\/#breadcrumb\",\"itemListElement\":[{\"@type\":\"ListItem\",\"position\":1,\"name\":\"Po\u010detna stranica\",\"item\":\"https:\/\/iuriswinery.com\/webtrgovina\/\"},{\"@type\":\"ListItem\",\"position\":2,\"name\":\"Vinarija Iuris\"}]},{\"@type\":\"WebSite\",\"@id\":\"https:\/\/iuriswinery.com\/webtrgovina\/#website\",\"url\":\"https:\/\/iuriswinery.com\/webtrgovina\/\",\"name\":\"Vinarija Iuris\",\"description\":\"Prodaja i distribucija vina\",\"publisher\":{\"@id\":\"https:\/\/iuriswinery.com\/webtrgovina\/#organization\"},\"potentialAction\":[{\"@type\":\"SearchAction\",\"target\":{\"@type\":\"EntryPoint\",\"urlTemplate\":\"https:\/\/iuriswinery.com\/webtrgovina\/?s={search_term_string}\"},\"query-input\":\"required name=search_term_string\"}],\"inLanguage\":\"hr\"},{\"@type\":\"Organization\",\"@id\":\"https:\/\/iuriswinery.com\/webtrgovina\/#organization\",\"name\":\"GASTRO PANTHEON D.O.O.\",\"url\":\"https:\/\/iuriswinery.com\/webtrgovina\/\",\"logo\":{\"@type\":\"ImageObject\",\"inLanguage\":\"hr\",\"@id\":\"https:\/\/iuriswinery.com\/webtrgovina\/#\/schema\/logo\/image\/\",\"url\":\"https:\/\/iuriswinery.com\/webtrgovina\/wp-content\/uploads\/2019\/10\/gastro-pantheon-logo.png\",\"contentUrl\":\"https:\/\/iuriswinery.com\/webtrgovina\/wp-content\/uploads\/2019\/10\/gastro-pantheon-logo.png\",\"width\":174,\"height\":78,\"caption\":\"GASTRO PANTHEON D.O.O.\"},\"image\":{\"@id\":\"https:\/\/iuriswinery.com\/webtrgovina\/#\/schema\/logo\/image\/\"}}]}<\/script>\n<!-- \/ Yoast SEO plugin. -->","yoast_head_json":{"title":"Vinarija Iuris - Vinarija Iuris | Inovativna hrvatska vina","description":"Zaronite u svijet Vinarije Iuris u Gastro Pantheonu. Otkrijte inovaciju i kreativnost u svakom gutljaju! #ljubiteljivina #GastroPantheon","robots":{"index":"index","follow":"follow","max-snippet":"max-snippet:-1","max-image-preview":"max-image-preview:large","max-video-preview":"max-video-preview:-1"},"canonical":"https:\/\/iuriswinery.com\/webtrgovina\/vinarija-iuris\/","og_locale":"hr_HR","og_type":"article","og_title":"Vinarija Iuris - Vinarija Iuris | Inovativna hrvatska vina","og_description":"Zaronite u svijet Vinarije Iuris u Gastro Pantheonu. Otkrijte inovaciju i kreativnost u svakom gutljaju! #ljubiteljivina #GastroPantheon","og_url":"https:\/\/iuriswinery.com\/webtrgovina\/vinarija-iuris\/","og_site_name":"Vinarija Iuris","article_modified_time":"2026-02-19T21:04:32+00:00","twitter_card":"summary_large_image","twitter_misc":{"Procijenjeno vrijeme \u010ditanja":"5 minuta"},"schema":{"@context":"https:\/\/schema.org","@graph":[{"@type":"WebPage","@id":"https:\/\/iuriswinery.com\/webtrgovina\/vinarija-iuris\/","url":"https:\/\/iuriswinery.com\/webtrgovina\/vinarija-iuris\/","name":"Vinarija Iuris - Vinarija Iuris | Inovativna hrvatska vina","isPartOf":{"@id":"https:\/\/iuriswinery.com\/webtrgovina\/#website"},"datePublished":"2019-10-28T12:21:15+00:00","dateModified":"2026-02-19T21:04:32+00:00","description":"Zaronite u svijet Vinarije Iuris u Gastro Pantheonu. Otkrijte inovaciju i kreativnost u svakom gutljaju! #ljubiteljivina #GastroPantheon","breadcrumb":{"@id":"https:\/\/iuriswinery.com\/webtrgovina\/vinarija-iuris\/#breadcrumb"},"inLanguage":"hr","potentialAction":[{"@type":"ReadAction","target":["https:\/\/iuriswinery.com\/webtrgovina\/vinarija-iuris\/"]}]},{"@type":"BreadcrumbList","@id":"https:\/\/iuriswinery.com\/webtrgovina\/vinarija-iuris\/#breadcrumb","itemListElement":[{"@type":"ListItem","position":1,"name":"Po\u010detna stranica","item":"https:\/\/iuriswinery.com\/webtrgovina\/"},{"@type":"ListItem","position":2,"name":"Vinarija Iuris"}]},{"@type":"WebSite","@id":"https:\/\/iuriswinery.com\/webtrgovina\/#website","url":"https:\/\/iuriswinery.com\/webtrgovina\/","name":"Vinarija Iuris","description":"Prodaja i distribucija vina","publisher":{"@id":"https:\/\/iuriswinery.com\/webtrgovina\/#organization"},"potentialAction":[{"@type":"SearchAction","target":{"@type":"EntryPoint","urlTemplate":"https:\/\/iuriswinery.com\/webtrgovina\/?s={search_term_string}"},"query-input":"required name=search_term_string"}],"inLanguage":"hr"},{"@type":"Organization","@id":"https:\/\/iuriswinery.com\/webtrgovina\/#organization","name":"GASTRO PANTHEON D.O.O.","url":"https:\/\/iuriswinery.com\/webtrgovina\/","logo":{"@type":"ImageObject","inLanguage":"hr","@id":"https:\/\/iuriswinery.com\/webtrgovina\/#\/schema\/logo\/image\/","url":"https:\/\/iuriswinery.com\/webtrgovina\/wp-content\/uploads\/2019\/10\/gastro-pantheon-logo.png","contentUrl":"https:\/\/iuriswinery.com\/webtrgovina\/wp-content\/uploads\/2019\/10\/gastro-pantheon-logo.png","width":174,"height":78,"caption":"GASTRO PANTHEON D.O.O."},"image":{"@id":"https:\/\/iuriswinery.com\/webtrgovina\/#\/schema\/logo\/image\/"}}]}},"_links":{"self":[{"href":"https:\/\/iuriswinery.com\/webtrgovina\/wp-json\/wp\/v2\/pages\/1407"}],"collection":[{"href":"https:\/\/iuriswinery.com\/webtrgovina\/wp-json\/wp\/v2\/pages"}],"about":[{"href":"https:\/\/iuriswinery.com\/webtrgovina\/wp-json\/wp\/v2\/types\/page"}],"author":[{"embeddable":true,"href":"https:\/\/iuriswinery.com\/webtrgovina\/wp-json\/wp\/v2\/users\/1"}],"replies":[{"embeddable":true,"href":"https:\/\/iuriswinery.com\/webtrgovina\/wp-json\/wp\/v2\/comments?post=1407"}],"version-history":[{"count":13,"href":"https:\/\/iuriswinery.com\/webtrgovina\/wp-json\/wp\/v2\/pages\/1407\/revisions"}],"predecessor-version":[{"id":1809,"href":"https:\/\/iuriswinery.com\/webtrgovina\/wp-json\/wp\/v2\/pages\/1407\/revisions\/1809"}],"wp:attachment":[{"href":"https:\/\/iuriswinery.com\/webtrgovina\/wp-json\/wp\/v2\/media?parent=1407"}],"curies":[{"name":"wp","href":"https:\/\/api.w.org\/{rel}","templated":true}]}}