{"id":1369,"date":"2019-10-23T12:34:15","date_gmt":"2019-10-23T10:34:15","guid":{"rendered":"https:\/\/iuriswinery.com\/webtrgovina\/?page_id=1369"},"modified":"2026-04-03T12:37:57","modified_gmt":"2026-04-03T10:37:57","slug":"uvjeti-poslovanja","status":"publish","type":"page","link":"https:\/\/iuriswinery.com\/webtrgovina\/uvjeti-poslovanja\/","title":{"rendered":"Uvjeti poslovanja"},"content":{"rendered":"<p>Cijene prikazane u web trgovini izra\u017eene su u eurima sa uklju\u010denim PDV-om i povratnom naknadom za zbrinjavanje ambala\u017ee. Fotografije i opisi vina\/proizvoda slu\u017ee u informativne svrhe te ne moraju u potpunosti odgovarati stvarnom izgledu ili karakteristikama proizvoda. Nastojimo osigurati \u0161to to\u010dniji prikaz i opis artikala, no zadr\u017eavamo pravo na odstupanja, pogre\u0161ke i izmjene u fotografijama i opisima.<\/p>\n<p>Ukoliko pojedine proizvode iz na\u0161eg asortimana nismo u mogu\u0107nosti isporu\u010diti u naru\u010denim koli\u010dinama, e-mailom \u0107emo obavijestiti kupca o njihovoj trenutnoj raspolo\u017eivosti i roku isporuke.<\/p>\n<p>Na uvjete poslovanja primjenjuje se Zakon o za\u0161titi potro\u0161a\u010da (N.N.79\/2007), glava VII. &#8211; Ugovor sklopljen na daljinu, od \u010clanka 36. do \u010clanka 55.<\/p>\n<p>Zabranjena je prodaja alkoholnih pi\u0107a osobama mla\u0111im od 18 godina.<\/p>\n<h3>Obavijest<\/h3>\n<p>Sukladno \u010dlanku 8. Zakona o za\u0161titi potro\u0161a\u010da pisane prigovore primamo na adresu:<\/p>\n<p>Vinarija Iuris d.o.o., Hra\u0161\u0107anska ulica 38A, 10 020 Zagreb.<\/p>\n<h3>Na\u010dini pla\u0107anja<\/h3>\n<p>1. On-line kreditnom karticom.<\/p>\n<ul>\n<li>broj kreditne kartice \u0161alje se SSL za\u0161ti\u0107enom vezom Teya sustava<\/li>\n<li>pla\u0107ate odmah prilikom kupnje<\/li>\n<li>pla\u0107anje sljede\u0107im kreditnim karticama: MasterCard, Maestro, Visa, Diners.<\/li>\n<\/ul>\n<p><a href=\"https:\/\/www.mastercard.hr\/hr-hr.html\"><img loading=\"lazy\" decoding=\"async\" class=\"alignnone wp-image-1372 size-full\" src=\"https:\/\/iuriswinery.com\/webtrgovina\/wp-content\/uploads\/2019\/10\/mastercard50.gif\" alt=\"\" width=\"80\" height=\"50\" \/><\/a> <a href=\"http:\/\/www.maestrocard.com\/\"><img loading=\"lazy\" decoding=\"async\" class=\"alignnone wp-image-1371 size-full\" src=\"https:\/\/iuriswinery.com\/webtrgovina\/wp-content\/uploads\/2019\/10\/maestro50.gif\" alt=\"\" width=\"80\" height=\"50\" \/><\/a> <a href=\"http:\/\/www.visacemea.com\/?country=hr\"><img loading=\"lazy\" decoding=\"async\" class=\"alignnone wp-image-1373 size-full\" src=\"https:\/\/iuriswinery.com\/webtrgovina\/wp-content\/uploads\/2019\/10\/visa50.gif\" alt=\"\" width=\"80\" height=\"50\" \/><\/a><\/p>\n<p>2. Op\u0107om uplatnicom, internet bankarstvom ili predra\u010dunom.<\/p>\n<ul>\n<li>pla\u0107ate prije preuzimanja robe<\/li>\n<\/ul>\n<h3>Reklamacija i povrat robe<\/h3>\n<p>Povrat robe mogu\u0107 je u roku 7 radnih dana od preuzimanja ili dostave. Mogu\u0107 je povrat samo neo\u0161te\u0107ene robe.<\/p>\n<h3>Izjava o sigurnosti<\/h3>\n<p><strong>Kupujte sigurno<\/strong><\/p>\n<p>Teya primjenjuje najmodernije standarde u za\u0161titi podataka &#8211; Secure Socket Layer (SSL) protokol sa 128-bitnom enkripcijom podataka i MD5 algoritam. ISO 8583 protokol osigurava da se razmjena podataka izme\u0111u Teya sustava i autorizacijskih centara karti\u010dnih ku\u0107a obavlja u privatnoj mre\u017ei, koja je od neautoriziranog pristupa za\u0161ti\u0107ena dvostrukim slojem &#8220;vatrozida&#8221; (firewalla).<\/p>\n<p><a href=\"https:\/\/pbzcard.hr\/media\/53821\/mcsc_hr.html\"><img loading=\"lazy\" decoding=\"async\" class=\"alignnone wp-image-1378 size-full\" src=\"https:\/\/iuriswinery.com\/webtrgovina\/wp-content\/uploads\/2019\/10\/mastercard_securecode_learn.gif\" alt=\"\" width=\"104\" height=\"56\" \/><\/a> <a href=\"https:\/\/pbzcard.hr\/media\/53827\/vbv_hr.html\"><img loading=\"lazy\" decoding=\"async\" class=\"alignnone wp-image-1380 size-full\" src=\"https:\/\/iuriswinery.com\/webtrgovina\/wp-content\/uploads\/2019\/10\/verified_by_visa_learn.jpg\" alt=\"\" width=\"83\" height=\"62\" \/><\/a><\/p>\n<h3>Privatnost podataka<\/h3>\n<p>Obvezujemo se da \u0107emo \u010duvati privatnost svih kupaca i prikupljati samo nu\u017ene podatke potrebne za obradu narud\u017ebe.<br \/>\nPodatke o kupcima ne\u0107emo razmjenjivati niti davati na uvid tre\u0107im osobama.<br \/>\nSvi takvi podaci su strogo \u010duvani i dostupni samo na\u0161im djelatnicima koji su odgovorni za po\u0161tivanje na\u010dela za\u0161tite privatnosti.<\/p>\n<p>&nbsp;<\/p>\n<h3><strong>GDPR prikupljanje podataka<\/strong><\/h3>\n<p>Molimo Vas da pa\u017eljivo pro\u010ditate ovu Izjavu jer nam je sigurnost i za\u0161tita osobnih podataka na\u0161ih kupaca iznimno va\u017ena.<\/p>\n<p>Prihva\u0107anjem ove Izjave i ustupanjem svojih osobnih podataka putem web stranica\u00a0<a href=\"https:\/\/iuriswinery.com\/webtrgovina\">www.iuriswinery.com<\/a> \u00a0potvr\u0111ujete da ste istu pro\u010ditali i razumjeli, te slobodno i izri\u010dito dajete privolu da VINARIJA IURIS d.o.o. Zagreb, Hra\u0161\u0107anska ulica 38A, kao voditelj obrade, obra\u0111uje i koristi Va\u0161e osobne podatke u svrhu realizacije Va\u0161e narud\u017ebe putem web shopa.<\/p>\n<p>Za realizaciju narud\u017ebe su nam potrebni ovi Va\u0161i podaci\u00a0<strong> ime i prezime,\u00a0 adresa, e-mail adresa i broj telefona.<\/strong><\/p>\n<p>Obradi osobnih podataka u navedene svrhe mo\u017eete se u svako doba usprotiviti i opozvati danu privolu, kontaktiraju\u0107i nas putem mail adrese\u00a0<a href=\"mailto:info@gastropantheon.hr\">info@iuriswinery.com<\/a>\u00a0ili po\u0161tom na adresu:<\/p>\n<p>Vinarija Iuris d.o.o.<br \/>\nZa\u0161tita podataka<br \/>\nHra\u0161\u0107anska ulica 38A<br \/>\n10 020 Zagreb<\/p>\n<p>Vinarija Iuris d.o.o. Zagreb \u0107e s Va\u0161im osobnim podacima postupati sukladno va\u017ee\u0107oj zakonskoj regulativi uz primjenu odgovaraju\u0107ih tehni\u010dkih i sigurnosnih mjera za\u0161tite osobnih podataka.<\/p>\n<p>Vinarija Iuris d.o.o. Zagreb \u0161titi privatnost svojih kupaca i posjetitelja web stranica, \u010duva povjerljivost Va\u0161ih osobnih podataka te omogu\u0107ava pristup osobnim podacima samo onim svojim zaposlenicima kojima su isti potrebni radi provedbe njihovih poslovnih aktivnosti, a tre\u0107im osobama samo u slu\u010dajevima koji su izri\u010dito propisani zakonom.<\/p>\n<p>Posebno napominjemo da smo sukladno odredbama Zakona o trgovini du\u017eni uskratiti prodaju alkoholnih pi\u0107a i drugih pi\u0107a koja sadr\u017ee alkohol osobama mla\u0111im od 18 godina.<\/p>\n","protected":false},"excerpt":{"rendered":"<p>Cijene prikazane u web trgovini izra\u017eene su u eurima sa uklju\u010denim PDV-om i povratnom naknadom za zbrinjavanje ambala\u017ee. Fotografije i<\/p>\n","protected":false},"author":1,"featured_media":0,"parent":0,"menu_order":0,"comment_status":"closed","ping_status":"closed","template":"","meta":{"footnotes":""},"yoast_head":"<!-- This site is optimized with the Yoast SEO plugin v21.7 - https:\/\/yoast.com\/wordpress\/plugins\/seo\/ -->\n<title>Uvjeti poslovanja - Vinarija Iuris<\/title>\n<meta name=\"robots\" content=\"index, follow, max-snippet:-1, max-image-preview:large, max-video-preview:-1\" \/>\n<link rel=\"canonical\" href=\"https:\/\/iuriswinery.com\/webtrgovina\/uvjeti-poslovanja\/\" \/>\n<meta property=\"og:locale\" content=\"hr_HR\" \/>\n<meta property=\"og:type\" content=\"article\" \/>\n<meta property=\"og:title\" content=\"Uvjeti poslovanja - Vinarija Iuris\" \/>\n<meta property=\"og:description\" content=\"Cijene prikazane u web trgovini izra\u017eene su u eurima sa uklju\u010denim PDV-om i povratnom naknadom za zbrinjavanje ambala\u017ee. Fotografije i\" \/>\n<meta property=\"og:url\" content=\"https:\/\/iuriswinery.com\/webtrgovina\/uvjeti-poslovanja\/\" \/>\n<meta property=\"og:site_name\" content=\"Vinarija Iuris\" \/>\n<meta property=\"article:modified_time\" content=\"2026-04-03T10:37:57+00:00\" \/>\n<meta property=\"og:image\" content=\"https:\/\/iuriswinery.com\/webtrgovina\/wp-content\/uploads\/2019\/10\/mastercard50.gif\" \/>\n<meta name=\"twitter:card\" content=\"summary_large_image\" \/>\n<meta name=\"twitter:label1\" content=\"Procijenjeno vrijeme \u010ditanja\" \/>\n\t<meta name=\"twitter:data1\" content=\"4 minute\" \/>\n<script type=\"application\/ld+json\" class=\"yoast-schema-graph\">{\"@context\":\"https:\/\/schema.org\",\"@graph\":[{\"@type\":\"WebPage\",\"@id\":\"https:\/\/iuriswinery.com\/webtrgovina\/uvjeti-poslovanja\/\",\"url\":\"https:\/\/iuriswinery.com\/webtrgovina\/uvjeti-poslovanja\/\",\"name\":\"Uvjeti poslovanja - Vinarija Iuris\",\"isPartOf\":{\"@id\":\"https:\/\/iuriswinery.com\/webtrgovina\/#website\"},\"datePublished\":\"2019-10-23T10:34:15+00:00\",\"dateModified\":\"2026-04-03T10:37:57+00:00\",\"breadcrumb\":{\"@id\":\"https:\/\/iuriswinery.com\/webtrgovina\/uvjeti-poslovanja\/#breadcrumb\"},\"inLanguage\":\"hr\",\"potentialAction\":[{\"@type\":\"ReadAction\",\"target\":[\"https:\/\/iuriswinery.com\/webtrgovina\/uvjeti-poslovanja\/\"]}]},{\"@type\":\"BreadcrumbList\",\"@id\":\"https:\/\/iuriswinery.com\/webtrgovina\/uvjeti-poslovanja\/#breadcrumb\",\"itemListElement\":[{\"@type\":\"ListItem\",\"position\":1,\"name\":\"Po\u010detna stranica\",\"item\":\"https:\/\/iuriswinery.com\/webtrgovina\/\"},{\"@type\":\"ListItem\",\"position\":2,\"name\":\"Uvjeti poslovanja\"}]},{\"@type\":\"WebSite\",\"@id\":\"https:\/\/iuriswinery.com\/webtrgovina\/#website\",\"url\":\"https:\/\/iuriswinery.com\/webtrgovina\/\",\"name\":\"Vinarija Iuris\",\"description\":\"Prodaja i distribucija vina\",\"publisher\":{\"@id\":\"https:\/\/iuriswinery.com\/webtrgovina\/#organization\"},\"potentialAction\":[{\"@type\":\"SearchAction\",\"target\":{\"@type\":\"EntryPoint\",\"urlTemplate\":\"https:\/\/iuriswinery.com\/webtrgovina\/?s={search_term_string}\"},\"query-input\":\"required name=search_term_string\"}],\"inLanguage\":\"hr\"},{\"@type\":\"Organization\",\"@id\":\"https:\/\/iuriswinery.com\/webtrgovina\/#organization\",\"name\":\"GASTRO PANTHEON D.O.O.\",\"url\":\"https:\/\/iuriswinery.com\/webtrgovina\/\",\"logo\":{\"@type\":\"ImageObject\",\"inLanguage\":\"hr\",\"@id\":\"https:\/\/iuriswinery.com\/webtrgovina\/#\/schema\/logo\/image\/\",\"url\":\"https:\/\/iuriswinery.com\/webtrgovina\/wp-content\/uploads\/2019\/10\/gastro-pantheon-logo.png\",\"contentUrl\":\"https:\/\/iuriswinery.com\/webtrgovina\/wp-content\/uploads\/2019\/10\/gastro-pantheon-logo.png\",\"width\":174,\"height\":78,\"caption\":\"GASTRO PANTHEON D.O.O.\"},\"image\":{\"@id\":\"https:\/\/iuriswinery.com\/webtrgovina\/#\/schema\/logo\/image\/\"}}]}<\/script>\n<!-- \/ Yoast SEO plugin. -->","yoast_head_json":{"title":"Uvjeti poslovanja - Vinarija Iuris","robots":{"index":"index","follow":"follow","max-snippet":"max-snippet:-1","max-image-preview":"max-image-preview:large","max-video-preview":"max-video-preview:-1"},"canonical":"https:\/\/iuriswinery.com\/webtrgovina\/uvjeti-poslovanja\/","og_locale":"hr_HR","og_type":"article","og_title":"Uvjeti poslovanja - Vinarija Iuris","og_description":"Cijene prikazane u web trgovini izra\u017eene su u eurima sa uklju\u010denim PDV-om i povratnom naknadom za zbrinjavanje ambala\u017ee. Fotografije i","og_url":"https:\/\/iuriswinery.com\/webtrgovina\/uvjeti-poslovanja\/","og_site_name":"Vinarija Iuris","article_modified_time":"2026-04-03T10:37:57+00:00","og_image":[{"url":"https:\/\/iuriswinery.com\/webtrgovina\/wp-content\/uploads\/2019\/10\/mastercard50.gif"}],"twitter_card":"summary_large_image","twitter_misc":{"Procijenjeno vrijeme \u010ditanja":"4 minute"},"schema":{"@context":"https:\/\/schema.org","@graph":[{"@type":"WebPage","@id":"https:\/\/iuriswinery.com\/webtrgovina\/uvjeti-poslovanja\/","url":"https:\/\/iuriswinery.com\/webtrgovina\/uvjeti-poslovanja\/","name":"Uvjeti poslovanja - Vinarija Iuris","isPartOf":{"@id":"https:\/\/iuriswinery.com\/webtrgovina\/#website"},"datePublished":"2019-10-23T10:34:15+00:00","dateModified":"2026-04-03T10:37:57+00:00","breadcrumb":{"@id":"https:\/\/iuriswinery.com\/webtrgovina\/uvjeti-poslovanja\/#breadcrumb"},"inLanguage":"hr","potentialAction":[{"@type":"ReadAction","target":["https:\/\/iuriswinery.com\/webtrgovina\/uvjeti-poslovanja\/"]}]},{"@type":"BreadcrumbList","@id":"https:\/\/iuriswinery.com\/webtrgovina\/uvjeti-poslovanja\/#breadcrumb","itemListElement":[{"@type":"ListItem","position":1,"name":"Po\u010detna stranica","item":"https:\/\/iuriswinery.com\/webtrgovina\/"},{"@type":"ListItem","position":2,"name":"Uvjeti poslovanja"}]},{"@type":"WebSite","@id":"https:\/\/iuriswinery.com\/webtrgovina\/#website","url":"https:\/\/iuriswinery.com\/webtrgovina\/","name":"Vinarija Iuris","description":"Prodaja i distribucija vina","publisher":{"@id":"https:\/\/iuriswinery.com\/webtrgovina\/#organization"},"potentialAction":[{"@type":"SearchAction","target":{"@type":"EntryPoint","urlTemplate":"https:\/\/iuriswinery.com\/webtrgovina\/?s={search_term_string}"},"query-input":"required name=search_term_string"}],"inLanguage":"hr"},{"@type":"Organization","@id":"https:\/\/iuriswinery.com\/webtrgovina\/#organization","name":"GASTRO PANTHEON D.O.O.","url":"https:\/\/iuriswinery.com\/webtrgovina\/","logo":{"@type":"ImageObject","inLanguage":"hr","@id":"https:\/\/iuriswinery.com\/webtrgovina\/#\/schema\/logo\/image\/","url":"https:\/\/iuriswinery.com\/webtrgovina\/wp-content\/uploads\/2019\/10\/gastro-pantheon-logo.png","contentUrl":"https:\/\/iuriswinery.com\/webtrgovina\/wp-content\/uploads\/2019\/10\/gastro-pantheon-logo.png","width":174,"height":78,"caption":"GASTRO PANTHEON D.O.O."},"image":{"@id":"https:\/\/iuriswinery.com\/webtrgovina\/#\/schema\/logo\/image\/"}}]}},"_links":{"self":[{"href":"https:\/\/iuriswinery.com\/webtrgovina\/wp-json\/wp\/v2\/pages\/1369"}],"collection":[{"href":"https:\/\/iuriswinery.com\/webtrgovina\/wp-json\/wp\/v2\/pages"}],"about":[{"href":"https:\/\/iuriswinery.com\/webtrgovina\/wp-json\/wp\/v2\/types\/page"}],"author":[{"embeddable":true,"href":"https:\/\/iuriswinery.com\/webtrgovina\/wp-json\/wp\/v2\/users\/1"}],"replies":[{"embeddable":true,"href":"https:\/\/iuriswinery.com\/webtrgovina\/wp-json\/wp\/v2\/comments?post=1369"}],"version-history":[{"count":9,"href":"https:\/\/iuriswinery.com\/webtrgovina\/wp-json\/wp\/v2\/pages\/1369\/revisions"}],"predecessor-version":[{"id":2947,"href":"https:\/\/iuriswinery.com\/webtrgovina\/wp-json\/wp\/v2\/pages\/1369\/revisions\/2947"}],"wp:attachment":[{"href":"https:\/\/iuriswinery.com\/webtrgovina\/wp-json\/wp\/v2\/media?parent=1369"}],"curies":[{"name":"wp","href":"https:\/\/api.w.org\/{rel}","templated":true}]}}